{"id":87,"date":"2019-04-01T07:24:55","date_gmt":"2019-04-01T07:24:55","guid":{"rendered":"http:\/\/avantage.bold-themes.com\/hr\/?page_id=87"},"modified":"2026-03-19T15:17:41","modified_gmt":"2026-03-19T14:17:41","slug":"services","status":"publish","type":"page","link":"https:\/\/hybster.com\/fr\/services\/","title":{"rendered":"Services"},"content":{"rendered":"","protected":false},"excerpt":{"rendered":"<p>Quickly aggregate B2B users and worldwide potentialities. Progressively plagiarize resource-leveling e-commerce through resource-leveling core competencies. Dramatically mesh low-risk high-yield alignments before transparent e-tailers.<\/p>\n","protected":false},"author":1,"featured_media":365,"parent":0,"menu_order":0,"comment_status":"closed","ping_status":"closed","template":"page-services.php","meta":{"_acf_changed":false,"om_disable_all_campaigns":false,"_monsterinsights_skip_tracking":false,"_monsterinsights_sitenote_active":false,"_monsterinsights_sitenote_note":"","_monsterinsights_sitenote_category":0,"_uf_show_specific_survey":0,"_uf_disable_surveys":false,"footnotes":""},"class_list":["post-87","page","type-page","status-publish","has-post-thumbnail","hentry"],"acf":[],"aioseo_notices":[],"aioseo_head":"\n\t\t<!-- All in One SEO Pro 4.9.5.2 - aioseo.com -->\n\t<meta name=\"description\" content=\"Hybster - Services de conception, industrialisation et validation de produits plastique et hardware, \u00e9clairage, \u00e9lectronique, \u00e9lectricit\u00e9, industrie\" \/>\n\t<meta name=\"robots\" content=\"max-image-preview:large\" \/>\n\t<meta name=\"msvalidate.01\" content=\"73766a6cd8544b738baeadd760831ebf\" \/>\n\t<link rel=\"canonical\" href=\"https:\/\/hybster.com\/fr\/services\/\" \/>\n\t<meta name=\"generator\" content=\"All in One SEO Pro (AIOSEO) 4.9.5.2\" \/>\n\t\t<meta property=\"og:locale\" content=\"fr_FR\" \/>\n\t\t<meta property=\"og:site_name\" content=\"Hybster | France - Clever Together\" \/>\n\t\t<meta property=\"og:type\" content=\"article\" \/>\n\t\t<meta property=\"og:title\" content=\"Services - Hybster | France\" \/>\n\t\t<meta property=\"og:description\" content=\"Hybster - Services de conception, industrialisation et validation de produits plastique et hardware, \u00e9clairage, \u00e9lectronique, \u00e9lectricit\u00e9, industrie\" \/>\n\t\t<meta property=\"og:url\" content=\"https:\/\/hybster.com\/fr\/services\/\" \/>\n\t\t<meta property=\"og:image\" content=\"https:\/\/www.hybster.com\/wp-content\/uploads\/hybster-logo-jpg.webp\" \/>\n\t\t<meta property=\"og:image:secure_url\" content=\"https:\/\/www.hybster.com\/wp-content\/uploads\/hybster-logo-jpg.webp\" \/>\n\t\t<meta property=\"article:published_time\" content=\"2019-04-01T07:24:55+00:00\" \/>\n\t\t<meta property=\"article:modified_time\" content=\"2026-03-19T14:17:41+00:00\" \/>\n\t\t<meta property=\"article:publisher\" content=\"https:\/\/www.facebook.com\/clevertogether\/\" \/>\n\t\t<meta name=\"twitter:card\" content=\"summary_large_image\" \/>\n\t\t<meta name=\"twitter:title\" content=\"Services - Hybster | France\" \/>\n\t\t<meta name=\"twitter:description\" content=\"Hybster - Services de conception, industrialisation et validation de produits plastique et hardware, \u00e9clairage, \u00e9lectronique, \u00e9lectricit\u00e9, industrie\" \/>\n\t\t<meta name=\"twitter:image\" content=\"https:\/\/www.hybster.com\/wp-content\/uploads\/hybster-logo-jpg.webp\" \/>\n\t\t<script type=\"application\/ld+json\" class=\"aioseo-schema\">\n\t\t\t{\"@context\":\"https:\\\/\\\/schema.org\",\"@graph\":[{\"@type\":\"BreadcrumbList\",\"@id\":\"https:\\\/\\\/hybster.com\\\/fr\\\/services\\\/#breadcrumblist\",\"itemListElement\":[{\"@type\":\"ListItem\",\"@id\":\"https:\\\/\\\/hybster.com\\\/fr#listItem\",\"position\":1,\"name\":\"Home\",\"item\":\"https:\\\/\\\/hybster.com\\\/fr\",\"nextItem\":{\"@type\":\"ListItem\",\"@id\":\"https:\\\/\\\/hybster.com\\\/fr\\\/services\\\/#listItem\",\"name\":\"Services\"}},{\"@type\":\"ListItem\",\"@id\":\"https:\\\/\\\/hybster.com\\\/fr\\\/services\\\/#listItem\",\"position\":2,\"name\":\"Services\",\"previousItem\":{\"@type\":\"ListItem\",\"@id\":\"https:\\\/\\\/hybster.com\\\/fr#listItem\",\"name\":\"Home\"}}]},{\"@type\":\"Organization\",\"@id\":\"https:\\\/\\\/hybster.com\\\/fr\\\/#organization\",\"name\":\"Hybster\",\"description\":\"Clever Together\",\"url\":\"https:\\\/\\\/hybster.com\\\/fr\\\/\",\"telephone\":\"+33972518989\",\"logo\":{\"@type\":\"ImageObject\",\"url\":\"https:\\\/\\\/www.hybster.com\\\/wp-content\\\/uploads\\\/hybster-logo-jpg.webp\",\"@id\":\"https:\\\/\\\/hybster.com\\\/fr\\\/services\\\/#organizationLogo\"},\"image\":{\"@id\":\"https:\\\/\\\/hybster.com\\\/fr\\\/services\\\/#organizationLogo\"},\"sameAs\":[\"https:\\\/\\\/www.facebook.com\\\/clevertogether\\\/\",\"https:\\\/\\\/www.youtube.com\\\/channel\\\/UCdtuyHWJGIrwEcENV_O8IJA\",\"https:\\\/\\\/www.linkedin.com\\\/company\\\/hybster\"]},{\"@type\":\"WebPage\",\"@id\":\"https:\\\/\\\/hybster.com\\\/fr\\\/services\\\/#webpage\",\"url\":\"https:\\\/\\\/hybster.com\\\/fr\\\/services\\\/\",\"name\":\"Services - Hybster | France\",\"description\":\"Hybster - Services de conception, industrialisation et validation de produits plastique et hardware, \\u00e9clairage, \\u00e9lectronique, \\u00e9lectricit\\u00e9, industrie\",\"inLanguage\":\"fr-FR\",\"isPartOf\":{\"@id\":\"https:\\\/\\\/hybster.com\\\/fr\\\/#website\"},\"breadcrumb\":{\"@id\":\"https:\\\/\\\/hybster.com\\\/fr\\\/services\\\/#breadcrumblist\"},\"image\":{\"@type\":\"ImageObject\",\"url\":365,\"@id\":\"https:\\\/\\\/hybster.com\\\/fr\\\/services\\\/#mainImage\"},\"primaryImageOfPage\":{\"@id\":\"https:\\\/\\\/hybster.com\\\/fr\\\/services\\\/#mainImage\"},\"datePublished\":\"2019-04-01T07:24:55+02:00\",\"dateModified\":\"2026-03-19T15:17:41+01:00\"},{\"@type\":\"WebSite\",\"@id\":\"https:\\\/\\\/hybster.com\\\/fr\\\/#website\",\"url\":\"https:\\\/\\\/hybster.com\\\/fr\\\/\",\"name\":\"Hybster\",\"description\":\"Clever Together\",\"inLanguage\":\"fr-FR\",\"publisher\":{\"@id\":\"https:\\\/\\\/hybster.com\\\/fr\\\/#organization\"}}]}\n\t\t<\/script>\n\t\t<script type=\"text\/javascript\">\n\t\t\t(function(c,l,a,r,i,t,y){\n\t\t\tc[a]=c[a]||function(){(c[a].q=c[a].q||[]).push(arguments)};t=l.createElement(r);t.async=1;\n\t\t\tt.src=\"https:\/\/www.clarity.ms\/tag\/\"+i+\"?ref=aioseo\";y=l.getElementsByTagName(r)[0];y.parentNode.insertBefore(t,y);\n\t\t})(window, document, \"clarity\", \"script\", \"m8p6scflma\");\n\t\t<\/script>\n\t\t<!-- All in One SEO Pro -->\r\n\t\t<title>Services - Hybster | France<\/title>\n\n","aioseo_head_json":{"title":"Services - Hybster | France","description":"Hybster - Services de conception, industrialisation et validation de produits plastique et hardware, \u00e9clairage, \u00e9lectronique, \u00e9lectricit\u00e9, industrie","canonical_url":"https:\/\/hybster.com\/fr\/services\/","robots":"max-image-preview:large","keywords":"","webmasterTools":{"msvalidate.01":"73766a6cd8544b738baeadd760831ebf","miscellaneous":""},"schema":{"@context":"https:\/\/schema.org","@graph":[{"@type":"BreadcrumbList","@id":"https:\/\/hybster.com\/fr\/services\/#breadcrumblist","itemListElement":[{"@type":"ListItem","@id":"https:\/\/hybster.com\/fr#listItem","position":1,"name":"Home","item":"https:\/\/hybster.com\/fr","nextItem":{"@type":"ListItem","@id":"https:\/\/hybster.com\/fr\/services\/#listItem","name":"Services"}},{"@type":"ListItem","@id":"https:\/\/hybster.com\/fr\/services\/#listItem","position":2,"name":"Services","previousItem":{"@type":"ListItem","@id":"https:\/\/hybster.com\/fr#listItem","name":"Home"}}]},{"@type":"Organization","@id":"https:\/\/hybster.com\/fr\/#organization","name":"Hybster","description":"Clever Together","url":"https:\/\/hybster.com\/fr\/","telephone":"+33972518989","logo":{"@type":"ImageObject","url":"https:\/\/www.hybster.com\/wp-content\/uploads\/hybster-logo-jpg.webp","@id":"https:\/\/hybster.com\/fr\/services\/#organizationLogo"},"image":{"@id":"https:\/\/hybster.com\/fr\/services\/#organizationLogo"},"sameAs":["https:\/\/www.facebook.com\/clevertogether\/","https:\/\/www.youtube.com\/channel\/UCdtuyHWJGIrwEcENV_O8IJA","https:\/\/www.linkedin.com\/company\/hybster"]},{"@type":"WebPage","@id":"https:\/\/hybster.com\/fr\/services\/#webpage","url":"https:\/\/hybster.com\/fr\/services\/","name":"Services - Hybster | France","description":"Hybster - Services de conception, industrialisation et validation de produits plastique et hardware, \u00e9clairage, \u00e9lectronique, \u00e9lectricit\u00e9, industrie","inLanguage":"fr-FR","isPartOf":{"@id":"https:\/\/hybster.com\/fr\/#website"},"breadcrumb":{"@id":"https:\/\/hybster.com\/fr\/services\/#breadcrumblist"},"image":{"@type":"ImageObject","url":365,"@id":"https:\/\/hybster.com\/fr\/services\/#mainImage"},"primaryImageOfPage":{"@id":"https:\/\/hybster.com\/fr\/services\/#mainImage"},"datePublished":"2019-04-01T07:24:55+02:00","dateModified":"2026-03-19T15:17:41+01:00"},{"@type":"WebSite","@id":"https:\/\/hybster.com\/fr\/#website","url":"https:\/\/hybster.com\/fr\/","name":"Hybster","description":"Clever Together","inLanguage":"fr-FR","publisher":{"@id":"https:\/\/hybster.com\/fr\/#organization"}}]},"og:locale":"fr_FR","og:site_name":"Hybster | France - Clever Together","og:type":"article","og:title":"Services - Hybster | France","og:description":"Hybster - Services de conception, industrialisation et validation de produits plastique et hardware, \u00e9clairage, \u00e9lectronique, \u00e9lectricit\u00e9, industrie","og:url":"https:\/\/hybster.com\/fr\/services\/","og:image":"https:\/\/www.hybster.com\/wp-content\/uploads\/hybster-logo-jpg.webp","og:image:secure_url":"https:\/\/www.hybster.com\/wp-content\/uploads\/hybster-logo-jpg.webp","article:published_time":"2019-04-01T07:24:55+00:00","article:modified_time":"2026-03-19T14:17:41+00:00","article:publisher":"https:\/\/www.facebook.com\/clevertogether\/","twitter:card":"summary_large_image","twitter:title":"Services - Hybster | France","twitter:description":"Hybster - Services de conception, industrialisation et validation de produits plastique et hardware, \u00e9clairage, \u00e9lectronique, \u00e9lectricit\u00e9, industrie","twitter:image":"https:\/\/www.hybster.com\/wp-content\/uploads\/hybster-logo-jpg.webp"},"aioseo_meta_data":{"post_id":"87","title":null,"description":"Hybster - Services de conception, industrialisation et validation de produits plastique et hardware, \u00e9clairage, \u00e9lectronique, \u00e9lectricit\u00e9, industrie","keywords":null,"keyphrases":{"focus":{"keyphrase":"conception produit","score":50,"analysis":{"keyphraseInTitle":{"score":3,"maxScore":9,"error":1},"keyphraseInDescription":{"score":3,"maxScore":9,"error":1},"keyphraseLength":{"score":9,"maxScore":9,"error":0,"length":2},"keyphraseInURL":{"score":1,"maxScore":5,"error":1}}},"additional":[{"keyphrase":"industrialisation hardware","score":67,"analysis":{"keyphraseInDescription":{"score":3,"maxScore":9,"error":1},"keyphraseLength":{"score":9,"maxScore":9,"error":0,"length":2}}}]},"primary_term":null,"canonical_url":null,"og_title":null,"og_description":null,"og_object_type":"default","og_image_type":"default","og_image_url":null,"og_image_width":null,"og_image_height":null,"og_image_custom_url":null,"og_image_custom_fields":null,"og_video":"","og_custom_url":null,"og_article_section":null,"og_article_tags":null,"twitter_use_og":false,"twitter_card":"default","twitter_image_type":"default","twitter_image_url":null,"twitter_image_custom_url":null,"twitter_image_custom_fields":null,"twitter_title":null,"twitter_description":null,"schema":{"blockGraphs":[],"customGraphs":[],"default":{"data":{"Article":[],"Course":[],"Dataset":[],"FAQPage":[],"Movie":[],"Person":[],"Product":[],"ProductReview":[],"Car":[],"Recipe":[],"Service":[],"SoftwareApplication":[],"WebPage":[]},"graphName":"WebPage","isEnabled":true},"graphs":[]},"schema_type":"default","schema_type_options":null,"pillar_content":false,"robots_default":true,"robots_noindex":false,"robots_noarchive":false,"robots_nosnippet":false,"robots_nofollow":false,"robots_noimageindex":false,"robots_noodp":false,"robots_notranslate":false,"robots_max_snippet":"-1","robots_max_videopreview":"-1","robots_max_imagepreview":"large","priority":null,"frequency":"default","local_seo":null,"seo_analyzer_scan_date":"2026-03-19 14:40:21","breadcrumb_settings":null,"limit_modified_date":false,"reviewed_by":null,"open_ai":null,"ai":{"faqs":[],"keyPoints":[],"titles":[],"descriptions":[],"socialPosts":{"email":[],"linkedin":[],"twitter":[],"facebook":[],"instagram":[]}},"created":"2025-12-03 07:56:47","updated":"2026-03-19 14:40:21"},"aioseo_breadcrumb":"<div class=\"aioseo-breadcrumbs\"><span class=\"aioseo-breadcrumb\">\n\t<a href=\"https:\/\/hybster.com\/fr\" title=\"Home\">Home<\/a>\n<\/span><span class=\"aioseo-breadcrumb-separator\">|<\/span><span class=\"aioseo-breadcrumb\">\n\tServices\n<\/span><\/div>","aioseo_breadcrumb_json":[{"label":"Home","link":"https:\/\/hybster.com\/fr"},{"label":"Services","link":"https:\/\/hybster.com\/fr\/services\/"}],"_links":{"self":[{"href":"https:\/\/hybster.com\/fr\/wp-json\/wp\/v2\/pages\/87","targetHints":{"allow":["GET"]}}],"collection":[{"href":"https:\/\/hybster.com\/fr\/wp-json\/wp\/v2\/pages"}],"about":[{"href":"https:\/\/hybster.com\/fr\/wp-json\/wp\/v2\/types\/page"}],"author":[{"embeddable":true,"href":"https:\/\/hybster.com\/fr\/wp-json\/wp\/v2\/users\/1"}],"replies":[{"embeddable":true,"href":"https:\/\/hybster.com\/fr\/wp-json\/wp\/v2\/comments?post=87"}],"version-history":[{"count":3,"href":"https:\/\/hybster.com\/fr\/wp-json\/wp\/v2\/pages\/87\/revisions"}],"predecessor-version":[{"id":11411,"href":"https:\/\/hybster.com\/fr\/wp-json\/wp\/v2\/pages\/87\/revisions\/11411"}],"wp:featuredmedia":[{"embeddable":true,"href":"https:\/\/hybster.com\/fr\/wp-json\/"}],"wp:attachment":[{"href":"https:\/\/hybster.com\/fr\/wp-json\/wp\/v2\/media?parent=87"}],"curies":[{"name":"wp","href":"https:\/\/api.w.org\/{rel}","templated":true}]}}