{"id":4926,"date":"2022-11-11T12:02:36","date_gmt":"2022-11-11T11:02:36","guid":{"rendered":"http:\/\/hybster.com\/?page_id=4926"},"modified":"2025-05-02T16:17:04","modified_gmt":"2025-05-02T14:17:04","slug":"devis-injection-plastique","status":"publish","type":"page","link":"https:\/\/hybster.com\/fr\/devis-injection-plastique\/","title":{"rendered":"Devis en ligne"},"content":{"rendered":"\n<h1 class=\"gb-headline gb-headline-b50db8d4 gb-headline-text\">Devis pi\u00e8ce injection plastique<\/h1>\n\n\n<form action=\"https:\/\/hybster.com\/fr\/wp-json\/ws-form\/v1\/submit\" class=\"wsf-form wsf-form-canvas\" id=\"ws-form-1\" data-id=\"7\"  data-instance-id=\"1\"  method=\"POST\" data-wsf-style-id=\"1\"><\/form>\n\n\n<hr class=\"wp-block-separator has-alpha-channel-opacity\"\/>\n\n\n\n<p class=\"has-accent-3-color has-base-2-background-color has-text-color has-background has-link-color wp-elements-7c49879298e2bec75ef042ae2ff69a81\">L&rsquo;injection plastique constitue une solution id\u00e9ale pour la production de pi\u00e8ces en plastique de haute pr\u00e9cision et en grande quantit\u00e9. Cette technologie offre une rapidit\u00e9 d&rsquo;ex\u00e9cution impressionnante, permettant la cr\u00e9ation de prototypes ou de pi\u00e8ces finales en un temps record. De plus, elle garantit une grande pr\u00e9cision dimensionnelle, essentielle pour des applications techniques ou industrielles. Un autre avantage cl\u00e9 r\u00e9side dans la minimisation des d\u00e9chets gr\u00e2ce \u00e0 une ma\u00eetrise optimale des mat\u00e9riaux utilis\u00e9s, ce qui en fait une option \u00e9cologique et \u00e9conomique. Obtenez un devis injection plastique pour profiter d&rsquo;une technologie fiable, modulable et adapt\u00e9e \u00e0 vos besoins sp\u00e9cifiques.<\/p>\n\n\n\n<p><\/p>\n","protected":false},"excerpt":{"rendered":"<p>L&rsquo;injection plastique constitue une solution id\u00e9ale pour la production de pi\u00e8ces en plastique de haute pr\u00e9cision et en grande quantit\u00e9. Cette technologie offre une rapidit\u00e9 d&rsquo;ex\u00e9cution impressionnante, permettant la cr\u00e9ation de prototypes ou de pi\u00e8ces finales en un temps record. De plus, elle garantit une grande pr\u00e9cision dimensionnelle, essentielle pour des applications techniques ou industrielles&#8230;.<\/p>\n","protected":false},"author":1,"featured_media":0,"parent":0,"menu_order":0,"comment_status":"closed","ping_status":"closed","template":"","meta":{"_acf_changed":false,"om_disable_all_campaigns":false,"_monsterinsights_skip_tracking":false,"_monsterinsights_sitenote_active":false,"_monsterinsights_sitenote_note":"","_monsterinsights_sitenote_category":0,"_uf_show_specific_survey":0,"_uf_disable_surveys":false,"footnotes":""},"class_list":["post-4926","page","type-page","status-publish","hentry"],"acf":[],"aioseo_notices":[],"aioseo_head":"\n\t\t<!-- All in One SEO Pro 4.9.5.2 - aioseo.com -->\n\t<meta name=\"description\" content=\"Hybster r\u00e9alise des prototypes rapides et pi\u00e8ces pr\u00e9cises en plastique inject\u00e9 \u00e0 prix comp\u00e9titifs. Votre devis gratuit en injection plastique d\u00e8s maintenant!\" \/>\n\t<meta name=\"robots\" content=\"max-image-preview:large\" \/>\n\t<meta name=\"msvalidate.01\" content=\"73766a6cd8544b738baeadd760831ebf\" \/>\n\t<link rel=\"canonical\" href=\"https:\/\/hybster.com\/fr\/devis-injection-plastique\/\" \/>\n\t<meta name=\"generator\" content=\"All in One SEO Pro (AIOSEO) 4.9.5.2\" \/>\n\t\t<meta property=\"og:locale\" content=\"fr_FR\" \/>\n\t\t<meta property=\"og:site_name\" content=\"Hybster | France - Clever Together\" \/>\n\t\t<meta property=\"og:type\" content=\"article\" \/>\n\t\t<meta property=\"og:title\" content=\"Hybster - Devis en injection plastique sous 48h !\" \/>\n\t\t<meta property=\"og:description\" content=\"Hybster r\u00e9alise des prototypes rapides et pi\u00e8ces pr\u00e9cises en plastique inject\u00e9 \u00e0 prix comp\u00e9titifs. Votre devis gratuit en injection plastique d\u00e8s maintenant!\" \/>\n\t\t<meta property=\"og:url\" content=\"https:\/\/hybster.com\/fr\/devis-injection-plastique\/\" \/>\n\t\t<meta property=\"og:image\" content=\"https:\/\/www.hybster.com\/wp-content\/uploads\/hybster-logo-jpg.webp\" \/>\n\t\t<meta property=\"og:image:secure_url\" content=\"https:\/\/www.hybster.com\/wp-content\/uploads\/hybster-logo-jpg.webp\" \/>\n\t\t<meta property=\"article:published_time\" content=\"2022-11-11T11:02:36+00:00\" \/>\n\t\t<meta property=\"article:modified_time\" content=\"2025-05-02T14:17:04+00:00\" \/>\n\t\t<meta property=\"article:publisher\" content=\"https:\/\/www.facebook.com\/clevertogether\/\" \/>\n\t\t<meta name=\"twitter:card\" content=\"summary_large_image\" \/>\n\t\t<meta name=\"twitter:title\" content=\"Hybster - Devis en injection plastique sous 48h !\" \/>\n\t\t<meta name=\"twitter:description\" content=\"Hybster r\u00e9alise des prototypes rapides et pi\u00e8ces pr\u00e9cises en plastique inject\u00e9 \u00e0 prix comp\u00e9titifs. Votre devis gratuit en injection plastique d\u00e8s maintenant!\" \/>\n\t\t<meta name=\"twitter:image\" content=\"https:\/\/www.hybster.com\/wp-content\/uploads\/hybster-logo-jpg.webp\" \/>\n\t\t<script type=\"application\/ld+json\" class=\"aioseo-schema\">\n\t\t\t{\"@context\":\"https:\\\/\\\/schema.org\",\"@graph\":[{\"@type\":\"BreadcrumbList\",\"@id\":\"https:\\\/\\\/hybster.com\\\/fr\\\/devis-injection-plastique\\\/#breadcrumblist\",\"itemListElement\":[{\"@type\":\"ListItem\",\"@id\":\"https:\\\/\\\/hybster.com\\\/fr#listItem\",\"position\":1,\"name\":\"Home\",\"item\":\"https:\\\/\\\/hybster.com\\\/fr\",\"nextItem\":{\"@type\":\"ListItem\",\"@id\":\"https:\\\/\\\/hybster.com\\\/fr\\\/devis-injection-plastique\\\/#listItem\",\"name\":\"Devis en ligne\"}},{\"@type\":\"ListItem\",\"@id\":\"https:\\\/\\\/hybster.com\\\/fr\\\/devis-injection-plastique\\\/#listItem\",\"position\":2,\"name\":\"Devis en ligne\",\"previousItem\":{\"@type\":\"ListItem\",\"@id\":\"https:\\\/\\\/hybster.com\\\/fr#listItem\",\"name\":\"Home\"}}]},{\"@type\":\"Organization\",\"@id\":\"https:\\\/\\\/hybster.com\\\/fr\\\/#organization\",\"name\":\"Hybster\",\"description\":\"Clever Together\",\"url\":\"https:\\\/\\\/hybster.com\\\/fr\\\/\",\"telephone\":\"+33972518989\",\"logo\":{\"@type\":\"ImageObject\",\"url\":\"https:\\\/\\\/www.hybster.com\\\/wp-content\\\/uploads\\\/hybster-logo-jpg.webp\",\"@id\":\"https:\\\/\\\/hybster.com\\\/fr\\\/devis-injection-plastique\\\/#organizationLogo\"},\"image\":{\"@id\":\"https:\\\/\\\/hybster.com\\\/fr\\\/devis-injection-plastique\\\/#organizationLogo\"},\"sameAs\":[\"https:\\\/\\\/www.facebook.com\\\/clevertogether\\\/\",\"https:\\\/\\\/www.youtube.com\\\/channel\\\/UCdtuyHWJGIrwEcENV_O8IJA\",\"https:\\\/\\\/www.linkedin.com\\\/company\\\/hybster\"]},{\"@type\":\"WebPage\",\"@id\":\"https:\\\/\\\/hybster.com\\\/fr\\\/devis-injection-plastique\\\/#webpage\",\"url\":\"https:\\\/\\\/hybster.com\\\/fr\\\/devis-injection-plastique\\\/\",\"name\":\"Hybster - Devis en injection plastique sous 48h !\",\"description\":\"Hybster r\\u00e9alise des prototypes rapides et pi\\u00e8ces pr\\u00e9cises en plastique inject\\u00e9 \\u00e0 prix comp\\u00e9titifs. Votre devis gratuit en injection plastique d\\u00e8s maintenant!\",\"inLanguage\":\"fr-FR\",\"isPartOf\":{\"@id\":\"https:\\\/\\\/hybster.com\\\/fr\\\/#website\"},\"breadcrumb\":{\"@id\":\"https:\\\/\\\/hybster.com\\\/fr\\\/devis-injection-plastique\\\/#breadcrumblist\"},\"datePublished\":\"2022-11-11T12:02:36+01:00\",\"dateModified\":\"2025-05-02T16:17:04+02:00\"},{\"@type\":\"WebSite\",\"@id\":\"https:\\\/\\\/hybster.com\\\/fr\\\/#website\",\"url\":\"https:\\\/\\\/hybster.com\\\/fr\\\/\",\"name\":\"Hybster\",\"description\":\"Clever Together\",\"inLanguage\":\"fr-FR\",\"publisher\":{\"@id\":\"https:\\\/\\\/hybster.com\\\/fr\\\/#organization\"}}]}\n\t\t<\/script>\n\t\t<script type=\"text\/javascript\">\n\t\t\t(function(c,l,a,r,i,t,y){\n\t\t\tc[a]=c[a]||function(){(c[a].q=c[a].q||[]).push(arguments)};t=l.createElement(r);t.async=1;\n\t\t\tt.src=\"https:\/\/www.clarity.ms\/tag\/\"+i+\"?ref=aioseo\";y=l.getElementsByTagName(r)[0];y.parentNode.insertBefore(t,y);\n\t\t})(window, document, \"clarity\", \"script\", \"m8p6scflma\");\n\t\t<\/script>\n\t\t<!-- All in One SEO Pro -->\r\n\t\t<title>Hybster - Devis en injection plastique sous 48h !<\/title>\n\n","aioseo_head_json":{"title":"Hybster - Devis en injection plastique sous 48h !","description":"Hybster r\u00e9alise des prototypes rapides et pi\u00e8ces pr\u00e9cises en plastique inject\u00e9 \u00e0 prix comp\u00e9titifs. Votre devis gratuit en injection plastique d\u00e8s maintenant!","canonical_url":"https:\/\/hybster.com\/fr\/devis-injection-plastique\/","robots":"max-image-preview:large","keywords":"","webmasterTools":{"msvalidate.01":"73766a6cd8544b738baeadd760831ebf","miscellaneous":""},"schema":{"@context":"https:\/\/schema.org","@graph":[{"@type":"BreadcrumbList","@id":"https:\/\/hybster.com\/fr\/devis-injection-plastique\/#breadcrumblist","itemListElement":[{"@type":"ListItem","@id":"https:\/\/hybster.com\/fr#listItem","position":1,"name":"Home","item":"https:\/\/hybster.com\/fr","nextItem":{"@type":"ListItem","@id":"https:\/\/hybster.com\/fr\/devis-injection-plastique\/#listItem","name":"Devis en ligne"}},{"@type":"ListItem","@id":"https:\/\/hybster.com\/fr\/devis-injection-plastique\/#listItem","position":2,"name":"Devis en ligne","previousItem":{"@type":"ListItem","@id":"https:\/\/hybster.com\/fr#listItem","name":"Home"}}]},{"@type":"Organization","@id":"https:\/\/hybster.com\/fr\/#organization","name":"Hybster","description":"Clever Together","url":"https:\/\/hybster.com\/fr\/","telephone":"+33972518989","logo":{"@type":"ImageObject","url":"https:\/\/www.hybster.com\/wp-content\/uploads\/hybster-logo-jpg.webp","@id":"https:\/\/hybster.com\/fr\/devis-injection-plastique\/#organizationLogo"},"image":{"@id":"https:\/\/hybster.com\/fr\/devis-injection-plastique\/#organizationLogo"},"sameAs":["https:\/\/www.facebook.com\/clevertogether\/","https:\/\/www.youtube.com\/channel\/UCdtuyHWJGIrwEcENV_O8IJA","https:\/\/www.linkedin.com\/company\/hybster"]},{"@type":"WebPage","@id":"https:\/\/hybster.com\/fr\/devis-injection-plastique\/#webpage","url":"https:\/\/hybster.com\/fr\/devis-injection-plastique\/","name":"Hybster - Devis en injection plastique sous 48h !","description":"Hybster r\u00e9alise des prototypes rapides et pi\u00e8ces pr\u00e9cises en plastique inject\u00e9 \u00e0 prix comp\u00e9titifs. Votre devis gratuit en injection plastique d\u00e8s maintenant!","inLanguage":"fr-FR","isPartOf":{"@id":"https:\/\/hybster.com\/fr\/#website"},"breadcrumb":{"@id":"https:\/\/hybster.com\/fr\/devis-injection-plastique\/#breadcrumblist"},"datePublished":"2022-11-11T12:02:36+01:00","dateModified":"2025-05-02T16:17:04+02:00"},{"@type":"WebSite","@id":"https:\/\/hybster.com\/fr\/#website","url":"https:\/\/hybster.com\/fr\/","name":"Hybster","description":"Clever Together","inLanguage":"fr-FR","publisher":{"@id":"https:\/\/hybster.com\/fr\/#organization"}}]},"og:locale":"fr_FR","og:site_name":"Hybster | France - Clever Together","og:type":"article","og:title":"Hybster - Devis en injection plastique sous 48h !","og:description":"Hybster r\u00e9alise des prototypes rapides et pi\u00e8ces pr\u00e9cises en plastique inject\u00e9 \u00e0 prix comp\u00e9titifs. Votre devis gratuit en injection plastique d\u00e8s maintenant!","og:url":"https:\/\/hybster.com\/fr\/devis-injection-plastique\/","og:image":"https:\/\/www.hybster.com\/wp-content\/uploads\/hybster-logo-jpg.webp","og:image:secure_url":"https:\/\/www.hybster.com\/wp-content\/uploads\/hybster-logo-jpg.webp","article:published_time":"2022-11-11T11:02:36+00:00","article:modified_time":"2025-05-02T14:17:04+00:00","article:publisher":"https:\/\/www.facebook.com\/clevertogether\/","twitter:card":"summary_large_image","twitter:title":"Hybster - Devis en injection plastique sous 48h !","twitter:description":"Hybster r\u00e9alise des prototypes rapides et pi\u00e8ces pr\u00e9cises en plastique inject\u00e9 \u00e0 prix comp\u00e9titifs. Votre devis gratuit en injection plastique d\u00e8s maintenant!","twitter:image":"https:\/\/www.hybster.com\/wp-content\/uploads\/hybster-logo-jpg.webp"},"aioseo_meta_data":{"post_id":"4926","title":"Hybster - Devis en injection plastique sous 48h !","description":"Hybster r\u00e9alise des prototypes rapides et pi\u00e8ces pr\u00e9cises en plastique inject\u00e9 \u00e0 prix comp\u00e9titifs. Votre devis gratuit en injection plastique d\u00e8s maintenant!","keywords":null,"keyphrases":{"focus":{"keyphrase":"Devis","score":100,"analysis":{"keyphraseInTitle":{"score":9,"maxScore":9,"error":0},"keyphraseInDescription":{"score":9,"maxScore":9,"error":0},"keyphraseLength":{"score":9,"maxScore":9,"error":0,"length":1},"keyphraseInURL":{"score":5,"maxScore":5,"error":0},"keyphraseInIntroduction":{"score":9,"maxScore":9,"error":0},"keyphraseInSubHeadings":[],"keyphraseInImageAlt":[],"keywordDensity":{"type":"best","score":9,"maxScore":9,"error":0}}},"additional":[{"keyphrase":"pi\u00e8ces inject\u00e9es","score":42,"analysis":{"keyphraseInDescription":{"score":3,"maxScore":9,"error":1},"keyphraseLength":{"score":9,"maxScore":9,"error":0,"length":4},"keyphraseInIntroduction":{"score":3,"maxScore":9,"error":1},"keyphraseInImageAlt":[],"keywordDensity":{"score":0,"type":"low","maxScore":9,"error":1}}},{"keyphrase":"injection plastique","score":75,"analysis":{"keyphraseInDescription":{"score":9,"maxScore":9,"error":0},"keyphraseLength":{"score":9,"maxScore":9,"error":0,"length":2},"keyphraseInIntroduction":{"score":9,"maxScore":9,"error":0},"keyphraseInImageAlt":[],"keywordDensity":{"type":"high","score":0,"maxScore":9,"error":1}}},{"keyphrase":"devis en injection plastique","score":42,"analysis":{"keyphraseInDescription":{"score":3,"maxScore":9,"error":1},"keyphraseLength":{"score":9,"maxScore":9,"error":0,"length":4},"keyphraseInIntroduction":{"score":3,"maxScore":9,"error":1},"keyphraseInImageAlt":[],"keywordDensity":{"score":0,"type":"low","maxScore":9,"error":1}}}]},"primary_term":null,"canonical_url":null,"og_title":null,"og_description":null,"og_object_type":"default","og_image_type":"default","og_image_url":null,"og_image_width":null,"og_image_height":null,"og_image_custom_url":null,"og_image_custom_fields":null,"og_video":"","og_custom_url":null,"og_article_section":null,"og_article_tags":null,"twitter_use_og":false,"twitter_card":"default","twitter_image_type":"default","twitter_image_url":null,"twitter_image_custom_url":null,"twitter_image_custom_fields":null,"twitter_title":null,"twitter_description":null,"schema":{"blockGraphs":[],"customGraphs":[],"default":{"data":{"Article":[],"Course":[],"Dataset":[],"FAQPage":[],"Movie":[],"Person":[],"Product":[],"ProductReview":[],"Car":[],"Recipe":[],"Service":[],"SoftwareApplication":[],"WebPage":[]},"graphName":"WebPage","isEnabled":true},"graphs":[]},"schema_type":"default","schema_type_options":null,"pillar_content":false,"robots_default":true,"robots_noindex":false,"robots_noarchive":false,"robots_nosnippet":false,"robots_nofollow":false,"robots_noimageindex":false,"robots_noodp":false,"robots_notranslate":false,"robots_max_snippet":"-1","robots_max_videopreview":"-1","robots_max_imagepreview":"large","priority":null,"frequency":"default","local_seo":null,"seo_analyzer_scan_date":"2025-08-14 16:16:53","breadcrumb_settings":null,"limit_modified_date":false,"reviewed_by":null,"open_ai":"{\"title\":{\"suggestions\":[],\"usage\":0},\"description\":{\"suggestions\":[],\"usage\":0}}","ai":null,"created":"2024-05-08 07:52:30","updated":"2025-08-14 16:16:53"},"aioseo_breadcrumb":"<div class=\"aioseo-breadcrumbs\"><span class=\"aioseo-breadcrumb\">\n\t<a href=\"https:\/\/hybster.com\/fr\" title=\"Home\">Home<\/a>\n<\/span><span class=\"aioseo-breadcrumb-separator\">|<\/span><span class=\"aioseo-breadcrumb\">\n\tDevis en ligne\n<\/span><\/div>","aioseo_breadcrumb_json":[{"label":"Home","link":"https:\/\/hybster.com\/fr"},{"label":"Devis en ligne","link":"https:\/\/hybster.com\/fr\/devis-injection-plastique\/"}],"_links":{"self":[{"href":"https:\/\/hybster.com\/fr\/wp-json\/wp\/v2\/pages\/4926","targetHints":{"allow":["GET"]}}],"collection":[{"href":"https:\/\/hybster.com\/fr\/wp-json\/wp\/v2\/pages"}],"about":[{"href":"https:\/\/hybster.com\/fr\/wp-json\/wp\/v2\/types\/page"}],"author":[{"embeddable":true,"href":"https:\/\/hybster.com\/fr\/wp-json\/wp\/v2\/users\/1"}],"replies":[{"embeddable":true,"href":"https:\/\/hybster.com\/fr\/wp-json\/wp\/v2\/comments?post=4926"}],"version-history":[{"count":3,"href":"https:\/\/hybster.com\/fr\/wp-json\/wp\/v2\/pages\/4926\/revisions"}],"predecessor-version":[{"id":8191,"href":"https:\/\/hybster.com\/fr\/wp-json\/wp\/v2\/pages\/4926\/revisions\/8191"}],"wp:attachment":[{"href":"https:\/\/hybster.com\/fr\/wp-json\/wp\/v2\/media?parent=4926"}],"curies":[{"name":"wp","href":"https:\/\/api.w.org\/{rel}","templated":true}]}}