{"id":29,"date":"2019-04-01T07:16:37","date_gmt":"2019-04-01T07:16:37","guid":{"rendered":"http:\/\/avantage.bold-themes.com\/hr\/?page_id=29"},"modified":"2026-04-14T09:46:17","modified_gmt":"2026-04-14T07:46:17","slug":"nouvelles","status":"publish","type":"page","link":"https:\/\/hybster.com\/fr\/nouvelles\/","title":{"rendered":"Nouvelles"},"content":{"rendered":"<p style=\"text-align: justify;\" data-start=\"92\" data-end=\"392\">Restez inform\u00e9 des derni\u00e8res actualit\u00e9s chez Hybster et des \u00e9volutions du secteur des mat\u00e9riaux plastiques. Cette page regroupe toutes nos nouveaut\u00e9s : Nouveaux projets, nouvelles technologies, innovations, mati\u00e8res plastiques.<\/p>\n<p style=\"text-align: left;\">Que vous soyez utilisateur r\u00e9gulier ou simplement curieux des innovations dans le domaine, nos actualit\u00e9s vous permettent de suivre en temps r\u00e9el les avanc\u00e9es de la plateforme et de mieux comprendre les enjeux li\u00e9s au choix des mat\u00e9riaux.<\/p>\n","protected":false},"excerpt":{"rendered":"<p>Restez inform\u00e9 des derni\u00e8res actualit\u00e9s chez Hybster et des \u00e9volutions du secteur des mat\u00e9riaux plastiques. Cette page regroupe toutes nos nouveaut\u00e9s : Nouveaux projets, nouvelles technologies, innovations, mati\u00e8res plastiques.<br \/>\nQue vous soyez utilisateur r\u00e9gulier ou simplement curieux des innovations dans le domaine, nos actualit\u00e9s vous permettent de suivre en temps r\u00e9el les avanc\u00e9es de la plateforme et de mieux comprendre les enjeux li\u00e9s au choix des mat\u00e9riaux.<\/p>\n","protected":false},"author":1,"featured_media":353,"parent":0,"menu_order":0,"comment_status":"closed","ping_status":"closed","template":"page-nouveautes-et-annonces.php","meta":{"_acf_changed":false,"om_disable_all_campaigns":false,"_monsterinsights_skip_tracking":false,"_monsterinsights_sitenote_active":false,"_monsterinsights_sitenote_note":"","_monsterinsights_sitenote_category":0,"_uf_show_specific_survey":0,"_uf_disable_surveys":false,"footnotes":""},"class_list":["post-29","page","type-page","status-publish","has-post-thumbnail","hentry"],"acf":[],"aioseo_notices":[],"aioseo_head":"\n\t\t<!-- All in One SEO Pro 4.9.6.2 - aioseo.com -->\n\t<meta name=\"description\" content=\"D\u00e9couvrez les derni\u00e8res actualit\u00e9s d&#039;Hybster : nouveaut\u00e9s, fonctionnalit\u00e9s, analyses et tendances autour des mat\u00e9riaux plastiques et de l\u2019innovation.\" \/>\n\t<meta name=\"robots\" content=\"max-image-preview:large\" \/>\n\t<meta name=\"msvalidate.01\" content=\"73766a6cd8544b738baeadd760831ebf\" \/>\n\t<link rel=\"canonical\" href=\"https:\/\/hybster.com\/fr\/nouvelles\/\" \/>\n\t<meta name=\"generator\" content=\"All in One SEO Pro (AIOSEO) 4.9.6.2\" \/>\n\t\t<meta property=\"og:locale\" content=\"fr_FR\" \/>\n\t\t<meta property=\"og:site_name\" content=\"Hybster | France - Clever Together\" \/>\n\t\t<meta property=\"og:type\" content=\"article\" \/>\n\t\t<meta property=\"og:title\" content=\"Nouvelles - Hybster | France\" \/>\n\t\t<meta property=\"og:description\" content=\"D\u00e9couvrez les derni\u00e8res actualit\u00e9s d&#039;Hybster : nouveaut\u00e9s, fonctionnalit\u00e9s, analyses et tendances autour des mat\u00e9riaux plastiques et de l\u2019innovation.\" \/>\n\t\t<meta property=\"og:url\" content=\"https:\/\/hybster.com\/fr\/nouvelles\/\" \/>\n\t\t<meta property=\"og:image\" content=\"https:\/\/www.hybster.com\/wp-content\/uploads\/hybster-logo-jpg.webp\" \/>\n\t\t<meta property=\"og:image:secure_url\" content=\"https:\/\/www.hybster.com\/wp-content\/uploads\/hybster-logo-jpg.webp\" \/>\n\t\t<meta property=\"article:published_time\" content=\"2019-04-01T07:16:37+00:00\" \/>\n\t\t<meta property=\"article:modified_time\" content=\"2026-04-14T07:46:17+00:00\" \/>\n\t\t<meta property=\"article:publisher\" content=\"https:\/\/www.facebook.com\/clevertogether\/\" \/>\n\t\t<meta name=\"twitter:card\" content=\"summary_large_image\" \/>\n\t\t<meta name=\"twitter:title\" content=\"Nouvelles - Hybster | France\" \/>\n\t\t<meta name=\"twitter:description\" content=\"D\u00e9couvrez les derni\u00e8res actualit\u00e9s d&#039;Hybster : nouveaut\u00e9s, fonctionnalit\u00e9s, analyses et tendances autour des mat\u00e9riaux plastiques et de l\u2019innovation.\" \/>\n\t\t<meta name=\"twitter:image\" content=\"https:\/\/www.hybster.com\/wp-content\/uploads\/hybster-logo-jpg.webp\" \/>\n\t\t<script type=\"application\/ld+json\" class=\"aioseo-schema\">\n\t\t\t{\"@context\":\"https:\\\/\\\/schema.org\",\"@graph\":[{\"@type\":\"BreadcrumbList\",\"@id\":\"https:\\\/\\\/hybster.com\\\/fr\\\/nouvelles\\\/#breadcrumblist\",\"itemListElement\":[{\"@type\":\"ListItem\",\"@id\":\"https:\\\/\\\/hybster.com\\\/fr#listItem\",\"position\":1,\"name\":\"Home\",\"item\":\"https:\\\/\\\/hybster.com\\\/fr\",\"nextItem\":{\"@type\":\"ListItem\",\"@id\":\"https:\\\/\\\/hybster.com\\\/fr\\\/nouvelles\\\/#listItem\",\"name\":\"Nouvelles\"}},{\"@type\":\"ListItem\",\"@id\":\"https:\\\/\\\/hybster.com\\\/fr\\\/nouvelles\\\/#listItem\",\"position\":2,\"name\":\"Nouvelles\",\"previousItem\":{\"@type\":\"ListItem\",\"@id\":\"https:\\\/\\\/hybster.com\\\/fr#listItem\",\"name\":\"Home\"}}]},{\"@type\":\"Organization\",\"@id\":\"https:\\\/\\\/hybster.com\\\/fr\\\/#organization\",\"name\":\"Hybster\",\"description\":\"Clever Together\",\"url\":\"https:\\\/\\\/hybster.com\\\/fr\\\/\",\"email\":\"info@hybster.com\",\"telephone\":\"+33972518989\",\"foundingDate\":\"2019-02-01\",\"numberOfEmployees\":{\"@type\":\"QuantitativeValue\",\"minValue\":0,\"maxValue\":20},\"logo\":{\"@type\":\"ImageObject\",\"url\":\"https:\\\/\\\/www.hybster.com\\\/wp-content\\\/uploads\\\/hybster-logo-jpg.webp\",\"@id\":\"https:\\\/\\\/hybster.com\\\/fr\\\/nouvelles\\\/#organizationLogo\"},\"image\":{\"@id\":\"https:\\\/\\\/hybster.com\\\/fr\\\/nouvelles\\\/#organizationLogo\"},\"sameAs\":[\"https:\\\/\\\/www.facebook.com\\\/clevertogether\\\/\",\"https:\\\/\\\/www.youtube.com\\\/channel\\\/UCdtuyHWJGIrwEcENV_O8IJA\",\"https:\\\/\\\/www.linkedin.com\\\/company\\\/hybster\"]},{\"@type\":\"WebPage\",\"@id\":\"https:\\\/\\\/hybster.com\\\/fr\\\/nouvelles\\\/#webpage\",\"url\":\"https:\\\/\\\/hybster.com\\\/fr\\\/nouvelles\\\/\",\"name\":\"Nouvelles - Hybster | France\",\"description\":\"D\\u00e9couvrez les derni\\u00e8res actualit\\u00e9s d'Hybster : nouveaut\\u00e9s, fonctionnalit\\u00e9s, analyses et tendances autour des mat\\u00e9riaux plastiques et de l\\u2019innovation.\",\"inLanguage\":\"fr-FR\",\"isPartOf\":{\"@id\":\"https:\\\/\\\/hybster.com\\\/fr\\\/#website\"},\"breadcrumb\":{\"@id\":\"https:\\\/\\\/hybster.com\\\/fr\\\/nouvelles\\\/#breadcrumblist\"},\"image\":{\"@type\":\"ImageObject\",\"url\":353,\"@id\":\"https:\\\/\\\/hybster.com\\\/fr\\\/nouvelles\\\/#mainImage\"},\"primaryImageOfPage\":{\"@id\":\"https:\\\/\\\/hybster.com\\\/fr\\\/nouvelles\\\/#mainImage\"},\"datePublished\":\"2019-04-01T07:16:37+02:00\",\"dateModified\":\"2026-04-14T09:46:17+02:00\"},{\"@type\":\"WebSite\",\"@id\":\"https:\\\/\\\/hybster.com\\\/fr\\\/#website\",\"url\":\"https:\\\/\\\/hybster.com\\\/fr\\\/\",\"name\":\"Hybster\",\"description\":\"Clever Together\",\"inLanguage\":\"fr-FR\",\"publisher\":{\"@id\":\"https:\\\/\\\/hybster.com\\\/fr\\\/#organization\"}}]}\n\t\t<\/script>\n\t\t<script type=\"text\/javascript\">\n\t\t\t(function(c,l,a,r,i,t,y){\n\t\t\tc[a]=c[a]||function(){(c[a].q=c[a].q||[]).push(arguments)};t=l.createElement(r);t.async=1;\n\t\t\tt.src=\"https:\/\/www.clarity.ms\/tag\/\"+i+\"?ref=aioseo\";y=l.getElementsByTagName(r)[0];y.parentNode.insertBefore(t,y);\n\t\t})(window, document, \"clarity\", \"script\", \"m8p6scflma\");\n\t\t<\/script>\n\t\t<!-- All in One SEO Pro -->\r\n\t\t<title>Nouvelles - Hybster | France<\/title>\n\n","aioseo_head_json":{"title":"Nouvelles - Hybster | France","description":"D\u00e9couvrez les derni\u00e8res actualit\u00e9s d'Hybster : nouveaut\u00e9s, fonctionnalit\u00e9s, analyses et tendances autour des mat\u00e9riaux plastiques et de l\u2019innovation.","canonical_url":"https:\/\/hybster.com\/fr\/nouvelles\/","robots":"max-image-preview:large","keywords":"","webmasterTools":{"msvalidate.01":"73766a6cd8544b738baeadd760831ebf","miscellaneous":""},"schema":{"@context":"https:\/\/schema.org","@graph":[{"@type":"BreadcrumbList","@id":"https:\/\/hybster.com\/fr\/nouvelles\/#breadcrumblist","itemListElement":[{"@type":"ListItem","@id":"https:\/\/hybster.com\/fr#listItem","position":1,"name":"Home","item":"https:\/\/hybster.com\/fr","nextItem":{"@type":"ListItem","@id":"https:\/\/hybster.com\/fr\/nouvelles\/#listItem","name":"Nouvelles"}},{"@type":"ListItem","@id":"https:\/\/hybster.com\/fr\/nouvelles\/#listItem","position":2,"name":"Nouvelles","previousItem":{"@type":"ListItem","@id":"https:\/\/hybster.com\/fr#listItem","name":"Home"}}]},{"@type":"Organization","@id":"https:\/\/hybster.com\/fr\/#organization","name":"Hybster","description":"Clever Together","url":"https:\/\/hybster.com\/fr\/","email":"info@hybster.com","telephone":"+33972518989","foundingDate":"2019-02-01","numberOfEmployees":{"@type":"QuantitativeValue","minValue":0,"maxValue":20},"logo":{"@type":"ImageObject","url":"https:\/\/www.hybster.com\/wp-content\/uploads\/hybster-logo-jpg.webp","@id":"https:\/\/hybster.com\/fr\/nouvelles\/#organizationLogo"},"image":{"@id":"https:\/\/hybster.com\/fr\/nouvelles\/#organizationLogo"},"sameAs":["https:\/\/www.facebook.com\/clevertogether\/","https:\/\/www.youtube.com\/channel\/UCdtuyHWJGIrwEcENV_O8IJA","https:\/\/www.linkedin.com\/company\/hybster"]},{"@type":"WebPage","@id":"https:\/\/hybster.com\/fr\/nouvelles\/#webpage","url":"https:\/\/hybster.com\/fr\/nouvelles\/","name":"Nouvelles - Hybster | France","description":"D\u00e9couvrez les derni\u00e8res actualit\u00e9s d'Hybster : nouveaut\u00e9s, fonctionnalit\u00e9s, analyses et tendances autour des mat\u00e9riaux plastiques et de l\u2019innovation.","inLanguage":"fr-FR","isPartOf":{"@id":"https:\/\/hybster.com\/fr\/#website"},"breadcrumb":{"@id":"https:\/\/hybster.com\/fr\/nouvelles\/#breadcrumblist"},"image":{"@type":"ImageObject","url":353,"@id":"https:\/\/hybster.com\/fr\/nouvelles\/#mainImage"},"primaryImageOfPage":{"@id":"https:\/\/hybster.com\/fr\/nouvelles\/#mainImage"},"datePublished":"2019-04-01T07:16:37+02:00","dateModified":"2026-04-14T09:46:17+02:00"},{"@type":"WebSite","@id":"https:\/\/hybster.com\/fr\/#website","url":"https:\/\/hybster.com\/fr\/","name":"Hybster","description":"Clever Together","inLanguage":"fr-FR","publisher":{"@id":"https:\/\/hybster.com\/fr\/#organization"}}]},"og:locale":"fr_FR","og:site_name":"Hybster | France - Clever Together","og:type":"article","og:title":"Nouvelles - Hybster | France","og:description":"D\u00e9couvrez les derni\u00e8res actualit\u00e9s d'Hybster : nouveaut\u00e9s, fonctionnalit\u00e9s, analyses et tendances autour des mat\u00e9riaux plastiques et de l\u2019innovation.","og:url":"https:\/\/hybster.com\/fr\/nouvelles\/","og:image":"https:\/\/www.hybster.com\/wp-content\/uploads\/hybster-logo-jpg.webp","og:image:secure_url":"https:\/\/www.hybster.com\/wp-content\/uploads\/hybster-logo-jpg.webp","article:published_time":"2019-04-01T07:16:37+00:00","article:modified_time":"2026-04-14T07:46:17+00:00","article:publisher":"https:\/\/www.facebook.com\/clevertogether\/","twitter:card":"summary_large_image","twitter:title":"Nouvelles - Hybster | France","twitter:description":"D\u00e9couvrez les derni\u00e8res actualit\u00e9s d'Hybster : nouveaut\u00e9s, fonctionnalit\u00e9s, analyses et tendances autour des mat\u00e9riaux plastiques et de l\u2019innovation.","twitter:image":"https:\/\/www.hybster.com\/wp-content\/uploads\/hybster-logo-jpg.webp"},"aioseo_meta_data":{"post_id":"29","title":null,"description":"D\u00e9couvrez les derni\u00e8res actualit\u00e9s d'Hybster : nouveaut\u00e9s, fonctionnalit\u00e9s, analyses et tendances autour des mat\u00e9riaux plastiques et de l\u2019innovation.","keywords":null,"keyphrases":{"focus":{"keyphrase":"actualit\u00e9s","score":62,"analysis":{"keyphraseInTitle":{"score":3,"maxScore":9,"error":1},"keyphraseInDescription":{"score":9,"maxScore":9,"error":0},"keyphraseLength":{"score":9,"maxScore":9,"error":0,"length":2},"keyphraseInURL":{"score":1,"maxScore":5,"error":1},"keyphraseInIntroduction":{"score":9,"maxScore":9,"error":0},"keyphraseInSubHeadings":[],"keyphraseInImageAlt":[],"keywordDensity":{"type":"high","score":0,"maxScore":9,"error":1}}},"additional":[{"keyphrase":"nouvelles","score":83,"analysis":{"keyphraseInDescription":{"score":3,"maxScore":9,"error":1},"keyphraseLength":{"score":9,"maxScore":9,"error":0,"length":1},"keyphraseInIntroduction":{"score":9,"maxScore":9,"error":0},"keyphraseInImageAlt":[],"keywordDensity":{"type":"best","score":9,"maxScore":9,"error":0}}},{"keyphrase":"entreprise de plasturgie","score":42,"analysis":{"keyphraseInDescription":{"score":3,"maxScore":9,"error":1},"keyphraseLength":{"score":9,"maxScore":9,"error":0,"length":3},"keyphraseInIntroduction":{"score":3,"maxScore":9,"error":1},"keyphraseInImageAlt":[],"keywordDensity":{"score":0,"type":"low","maxScore":9,"error":1}}}]},"primary_term":null,"canonical_url":null,"og_title":null,"og_description":null,"og_object_type":"default","og_image_type":"default","og_image_url":null,"og_image_width":null,"og_image_height":null,"og_image_custom_url":null,"og_image_custom_fields":null,"og_video":"","og_custom_url":null,"og_article_section":null,"og_article_tags":null,"twitter_use_og":false,"twitter_card":"default","twitter_image_type":"default","twitter_image_url":null,"twitter_image_custom_url":null,"twitter_image_custom_fields":null,"twitter_title":null,"twitter_description":null,"schema":{"blockGraphs":[],"customGraphs":[],"default":{"data":{"Article":[],"Course":[],"Dataset":[],"FAQPage":[],"Movie":[],"Person":[],"Product":[],"ProductReview":[],"Car":[],"Recipe":[],"Service":[],"SoftwareApplication":[],"WebPage":[]},"graphName":"WebPage","isEnabled":true},"graphs":[]},"schema_type":"default","schema_type_options":null,"pillar_content":false,"robots_default":true,"robots_noindex":false,"robots_noarchive":false,"robots_nosnippet":false,"robots_nofollow":false,"robots_noimageindex":false,"robots_noodp":false,"robots_notranslate":false,"robots_max_snippet":"-1","robots_max_videopreview":"-1","robots_max_imagepreview":"large","priority":null,"frequency":"default","local_seo":null,"seo_analyzer_scan_date":"2026-04-14 08:45:48","breadcrumb_settings":null,"limit_modified_date":false,"reviewed_by":"0","open_ai":null,"ai":{"faqs":[],"keyPoints":[],"titles":[],"descriptions":[],"socialPosts":{"email":[],"linkedin":[],"twitter":[],"facebook":[],"instagram":[]}},"created":"2025-12-03 07:56:38","updated":"2026-04-14 08:45:48"},"aioseo_breadcrumb":"<div class=\"aioseo-breadcrumbs\"><span class=\"aioseo-breadcrumb\">\n\t<a href=\"https:\/\/hybster.com\/fr\" title=\"Home\">Home<\/a>\n<\/span><span class=\"aioseo-breadcrumb-separator\">|<\/span><span class=\"aioseo-breadcrumb\">\n\tNouvelles\n<\/span><\/div>","aioseo_breadcrumb_json":[{"label":"Home","link":"https:\/\/hybster.com\/fr"},{"label":"Nouvelles","link":"https:\/\/hybster.com\/fr\/nouvelles\/"}],"_links":{"self":[{"href":"https:\/\/hybster.com\/fr\/wp-json\/wp\/v2\/pages\/29","targetHints":{"allow":["GET"]}}],"collection":[{"href":"https:\/\/hybster.com\/fr\/wp-json\/wp\/v2\/pages"}],"about":[{"href":"https:\/\/hybster.com\/fr\/wp-json\/wp\/v2\/types\/page"}],"author":[{"embeddable":true,"href":"https:\/\/hybster.com\/fr\/wp-json\/wp\/v2\/users\/1"}],"replies":[{"embeddable":true,"href":"https:\/\/hybster.com\/fr\/wp-json\/wp\/v2\/comments?post=29"}],"version-history":[{"count":14,"href":"https:\/\/hybster.com\/fr\/wp-json\/wp\/v2\/pages\/29\/revisions"}],"predecessor-version":[{"id":12024,"href":"https:\/\/hybster.com\/fr\/wp-json\/wp\/v2\/pages\/29\/revisions\/12024"}],"wp:featuredmedia":[{"embeddable":true,"href":"https:\/\/hybster.com\/fr\/wp-json\/"}],"wp:attachment":[{"href":"https:\/\/hybster.com\/fr\/wp-json\/wp\/v2\/media?parent=29"}],"curies":[{"name":"wp","href":"https:\/\/api.w.org\/{rel}","templated":true}]}}