{"id":11315,"date":"2026-03-18T11:28:36","date_gmt":"2026-03-18T10:28:36","guid":{"rendered":"https:\/\/hybster.com\/?page_id=11315"},"modified":"2026-04-14T09:46:10","modified_gmt":"2026-04-14T07:46:10","slug":"procedes","status":"publish","type":"page","link":"https:\/\/hybster.com\/fr\/procedes\/","title":{"rendered":"proc\u00e9d\u00e9s"},"content":{"rendered":"<p data-start=\"82\" data-end=\"370\">Le choix du proc\u00e9d\u00e9 de transformation est d\u00e9terminant dans la r\u00e9ussite d\u2019un projet en plasturgie, qu\u2019il s\u2019agisse de prototypage ou de production en s\u00e9rie. Chaque technique poss\u00e8de ses sp\u00e9cificit\u00e9s, ses avantages et ses contraintes en termes de co\u00fbt, de pr\u00e9cision, de d\u00e9lais et de volumes.<\/p>\n<p data-start=\"372\" data-end=\"715\">Avec Hybster, explorez les principaux proc\u00e9d\u00e9s de fabrication des mati\u00e8res plastiques : injection, extrusion, thermoformage, impression 3D et bien d\u2019autres. Notre plateforme vous aide \u00e0 comprendre leurs caract\u00e9ristiques et \u00e0 identifier les solutions les plus adapt\u00e9es \u00e0 votre projet, en fonction de vos objectifs techniques et \u00e9conomiques.<\/p>\n","protected":false},"excerpt":{"rendered":"<p>Le choix du proc\u00e9d\u00e9 de transformation est d\u00e9terminant dans la r\u00e9ussite d\u2019un projet en plasturgie, qu\u2019il s\u2019agisse de prototypage ou de production en s\u00e9rie. Chaque technique poss\u00e8de ses sp\u00e9cificit\u00e9s, ses avantages et ses contraintes en termes de co\u00fbt, de pr\u00e9cision, de d\u00e9lais et de volumes.<br \/>\nAvec Hybster , explorez les principaux proc\u00e9d\u00e9s de fabrication des mati\u00e8res plastiques : injection, extrusion, thermoformage, impression 3D et bien d\u2019autres. Notre plateforme vous aide \u00e0 comprendre leurs caract\u00e9ristiques et \u00e0 identifier les solutions les plus adapt\u00e9es \u00e0 votre projet, en fonction de vos objectifs techniques et \u00e9conomiques.<\/p>\n","protected":false},"author":1,"featured_media":0,"parent":0,"menu_order":0,"comment_status":"closed","ping_status":"closed","template":"","meta":{"_acf_changed":false,"om_disable_all_campaigns":false,"_monsterinsights_skip_tracking":false,"_monsterinsights_sitenote_active":false,"_monsterinsights_sitenote_note":"","_monsterinsights_sitenote_category":0,"_uf_show_specific_survey":0,"_uf_disable_surveys":false,"footnotes":""},"class_list":["post-11315","page","type-page","status-publish","hentry"],"acf":[],"aioseo_notices":[],"aioseo_head":"\n\t\t<!-- All in One SEO Pro 4.9.6.2 - aioseo.com -->\n\t<meta name=\"description\" content=\"D\u00e9couvrez les proc\u00e9d\u00e9s de transformation des plastiques : injection, impression 3D\u2026 Comparez les solutions adapt\u00e9es au prototypage et \u00e0 la production en s\u00e9rie.\" \/>\n\t<meta name=\"robots\" content=\"max-image-preview:large\" \/>\n\t<meta name=\"msvalidate.01\" content=\"73766a6cd8544b738baeadd760831ebf\" \/>\n\t<link rel=\"canonical\" href=\"https:\/\/hybster.com\/fr\/procedes\/\" \/>\n\t<meta name=\"generator\" content=\"All in One SEO Pro (AIOSEO) 4.9.6.2\" \/>\n\t\t<meta property=\"og:locale\" content=\"fr_FR\" \/>\n\t\t<meta property=\"og:site_name\" content=\"Hybster | France - Clever Together\" \/>\n\t\t<meta property=\"og:type\" content=\"article\" \/>\n\t\t<meta property=\"og:title\" content=\"Proc\u00e9d\u00e9s de transformation plastique - Hybster | France\" \/>\n\t\t<meta property=\"og:description\" content=\"D\u00e9couvrez les proc\u00e9d\u00e9s de transformation des plastiques : injection, impression 3D\u2026 Comparez les solutions adapt\u00e9es au prototypage et \u00e0 la production en s\u00e9rie.\" \/>\n\t\t<meta property=\"og:url\" content=\"https:\/\/hybster.com\/fr\/procedes\/\" \/>\n\t\t<meta property=\"og:image\" content=\"https:\/\/www.hybster.com\/wp-content\/uploads\/hybster-logo-jpg.webp\" \/>\n\t\t<meta property=\"og:image:secure_url\" content=\"https:\/\/www.hybster.com\/wp-content\/uploads\/hybster-logo-jpg.webp\" \/>\n\t\t<meta property=\"article:published_time\" content=\"2026-03-18T10:28:36+00:00\" \/>\n\t\t<meta property=\"article:modified_time\" content=\"2026-04-14T07:46:10+00:00\" \/>\n\t\t<meta property=\"article:publisher\" content=\"https:\/\/www.facebook.com\/clevertogether\/\" \/>\n\t\t<meta name=\"twitter:card\" content=\"summary_large_image\" \/>\n\t\t<meta name=\"twitter:title\" content=\"Proc\u00e9d\u00e9s de transformation plastique - Hybster | France\" \/>\n\t\t<meta name=\"twitter:description\" content=\"D\u00e9couvrez les proc\u00e9d\u00e9s de transformation des plastiques : injection, impression 3D\u2026 Comparez les solutions adapt\u00e9es au prototypage et \u00e0 la production en s\u00e9rie.\" \/>\n\t\t<meta name=\"twitter:image\" content=\"https:\/\/www.hybster.com\/wp-content\/uploads\/hybster-logo-jpg.webp\" \/>\n\t\t<script type=\"application\/ld+json\" class=\"aioseo-schema\">\n\t\t\t{\"@context\":\"https:\\\/\\\/schema.org\",\"@graph\":[{\"@type\":\"BreadcrumbList\",\"@id\":\"https:\\\/\\\/hybster.com\\\/fr\\\/procedes\\\/#breadcrumblist\",\"itemListElement\":[{\"@type\":\"ListItem\",\"@id\":\"https:\\\/\\\/hybster.com\\\/fr#listItem\",\"position\":1,\"name\":\"Home\",\"item\":\"https:\\\/\\\/hybster.com\\\/fr\",\"nextItem\":{\"@type\":\"ListItem\",\"@id\":\"https:\\\/\\\/hybster.com\\\/fr\\\/procedes\\\/#listItem\",\"name\":\"proc\\u00e9d\\u00e9s\"}},{\"@type\":\"ListItem\",\"@id\":\"https:\\\/\\\/hybster.com\\\/fr\\\/procedes\\\/#listItem\",\"position\":2,\"name\":\"proc\\u00e9d\\u00e9s\",\"previousItem\":{\"@type\":\"ListItem\",\"@id\":\"https:\\\/\\\/hybster.com\\\/fr#listItem\",\"name\":\"Home\"}}]},{\"@type\":\"Organization\",\"@id\":\"https:\\\/\\\/hybster.com\\\/fr\\\/#organization\",\"name\":\"Hybster\",\"description\":\"Clever Together\",\"url\":\"https:\\\/\\\/hybster.com\\\/fr\\\/\",\"email\":\"info@hybster.com\",\"telephone\":\"+33972518989\",\"foundingDate\":\"2019-02-01\",\"numberOfEmployees\":{\"@type\":\"QuantitativeValue\",\"minValue\":0,\"maxValue\":20},\"logo\":{\"@type\":\"ImageObject\",\"url\":\"https:\\\/\\\/www.hybster.com\\\/wp-content\\\/uploads\\\/hybster-logo-jpg.webp\",\"@id\":\"https:\\\/\\\/hybster.com\\\/fr\\\/procedes\\\/#organizationLogo\"},\"image\":{\"@id\":\"https:\\\/\\\/hybster.com\\\/fr\\\/procedes\\\/#organizationLogo\"},\"sameAs\":[\"https:\\\/\\\/www.facebook.com\\\/clevertogether\\\/\",\"https:\\\/\\\/www.youtube.com\\\/channel\\\/UCdtuyHWJGIrwEcENV_O8IJA\",\"https:\\\/\\\/www.linkedin.com\\\/company\\\/hybster\"]},{\"@type\":\"WebPage\",\"@id\":\"https:\\\/\\\/hybster.com\\\/fr\\\/procedes\\\/#webpage\",\"url\":\"https:\\\/\\\/hybster.com\\\/fr\\\/procedes\\\/\",\"name\":\"Proc\\u00e9d\\u00e9s de transformation plastique - Hybster | France\",\"description\":\"D\\u00e9couvrez les proc\\u00e9d\\u00e9s de transformation des plastiques : injection, impression 3D\\u2026 Comparez les solutions adapt\\u00e9es au prototypage et \\u00e0 la production en s\\u00e9rie.\",\"inLanguage\":\"fr-FR\",\"isPartOf\":{\"@id\":\"https:\\\/\\\/hybster.com\\\/fr\\\/#website\"},\"breadcrumb\":{\"@id\":\"https:\\\/\\\/hybster.com\\\/fr\\\/procedes\\\/#breadcrumblist\"},\"datePublished\":\"2026-03-18T11:28:36+01:00\",\"dateModified\":\"2026-04-14T09:46:10+02:00\"},{\"@type\":\"WebSite\",\"@id\":\"https:\\\/\\\/hybster.com\\\/fr\\\/#website\",\"url\":\"https:\\\/\\\/hybster.com\\\/fr\\\/\",\"name\":\"Hybster\",\"description\":\"Clever Together\",\"inLanguage\":\"fr-FR\",\"publisher\":{\"@id\":\"https:\\\/\\\/hybster.com\\\/fr\\\/#organization\"}}]}\n\t\t<\/script>\n\t\t<script type=\"text\/javascript\">\n\t\t\t(function(c,l,a,r,i,t,y){\n\t\t\tc[a]=c[a]||function(){(c[a].q=c[a].q||[]).push(arguments)};t=l.createElement(r);t.async=1;\n\t\t\tt.src=\"https:\/\/www.clarity.ms\/tag\/\"+i+\"?ref=aioseo\";y=l.getElementsByTagName(r)[0];y.parentNode.insertBefore(t,y);\n\t\t})(window, document, \"clarity\", \"script\", \"m8p6scflma\");\n\t\t<\/script>\n\t\t<!-- All in One SEO Pro -->\r\n\t\t<title>Proc\u00e9d\u00e9s de transformation plastique - Hybster | France<\/title>\n\n","aioseo_head_json":{"title":"Proc\u00e9d\u00e9s de transformation plastique - Hybster | France","description":"D\u00e9couvrez les proc\u00e9d\u00e9s de transformation des plastiques : injection, impression 3D\u2026 Comparez les solutions adapt\u00e9es au prototypage et \u00e0 la production en s\u00e9rie.","canonical_url":"https:\/\/hybster.com\/fr\/procedes\/","robots":"max-image-preview:large","keywords":"","webmasterTools":{"msvalidate.01":"73766a6cd8544b738baeadd760831ebf","miscellaneous":""},"schema":{"@context":"https:\/\/schema.org","@graph":[{"@type":"BreadcrumbList","@id":"https:\/\/hybster.com\/fr\/procedes\/#breadcrumblist","itemListElement":[{"@type":"ListItem","@id":"https:\/\/hybster.com\/fr#listItem","position":1,"name":"Home","item":"https:\/\/hybster.com\/fr","nextItem":{"@type":"ListItem","@id":"https:\/\/hybster.com\/fr\/procedes\/#listItem","name":"proc\u00e9d\u00e9s"}},{"@type":"ListItem","@id":"https:\/\/hybster.com\/fr\/procedes\/#listItem","position":2,"name":"proc\u00e9d\u00e9s","previousItem":{"@type":"ListItem","@id":"https:\/\/hybster.com\/fr#listItem","name":"Home"}}]},{"@type":"Organization","@id":"https:\/\/hybster.com\/fr\/#organization","name":"Hybster","description":"Clever Together","url":"https:\/\/hybster.com\/fr\/","email":"info@hybster.com","telephone":"+33972518989","foundingDate":"2019-02-01","numberOfEmployees":{"@type":"QuantitativeValue","minValue":0,"maxValue":20},"logo":{"@type":"ImageObject","url":"https:\/\/www.hybster.com\/wp-content\/uploads\/hybster-logo-jpg.webp","@id":"https:\/\/hybster.com\/fr\/procedes\/#organizationLogo"},"image":{"@id":"https:\/\/hybster.com\/fr\/procedes\/#organizationLogo"},"sameAs":["https:\/\/www.facebook.com\/clevertogether\/","https:\/\/www.youtube.com\/channel\/UCdtuyHWJGIrwEcENV_O8IJA","https:\/\/www.linkedin.com\/company\/hybster"]},{"@type":"WebPage","@id":"https:\/\/hybster.com\/fr\/procedes\/#webpage","url":"https:\/\/hybster.com\/fr\/procedes\/","name":"Proc\u00e9d\u00e9s de transformation plastique - Hybster | France","description":"D\u00e9couvrez les proc\u00e9d\u00e9s de transformation des plastiques : injection, impression 3D\u2026 Comparez les solutions adapt\u00e9es au prototypage et \u00e0 la production en s\u00e9rie.","inLanguage":"fr-FR","isPartOf":{"@id":"https:\/\/hybster.com\/fr\/#website"},"breadcrumb":{"@id":"https:\/\/hybster.com\/fr\/procedes\/#breadcrumblist"},"datePublished":"2026-03-18T11:28:36+01:00","dateModified":"2026-04-14T09:46:10+02:00"},{"@type":"WebSite","@id":"https:\/\/hybster.com\/fr\/#website","url":"https:\/\/hybster.com\/fr\/","name":"Hybster","description":"Clever Together","inLanguage":"fr-FR","publisher":{"@id":"https:\/\/hybster.com\/fr\/#organization"}}]},"og:locale":"fr_FR","og:site_name":"Hybster | France - Clever Together","og:type":"article","og:title":"Proc\u00e9d\u00e9s de transformation plastique - Hybster | France","og:description":"D\u00e9couvrez les proc\u00e9d\u00e9s de transformation des plastiques : injection, impression 3D\u2026 Comparez les solutions adapt\u00e9es au prototypage et \u00e0 la production en s\u00e9rie.","og:url":"https:\/\/hybster.com\/fr\/procedes\/","og:image":"https:\/\/www.hybster.com\/wp-content\/uploads\/hybster-logo-jpg.webp","og:image:secure_url":"https:\/\/www.hybster.com\/wp-content\/uploads\/hybster-logo-jpg.webp","article:published_time":"2026-03-18T10:28:36+00:00","article:modified_time":"2026-04-14T07:46:10+00:00","article:publisher":"https:\/\/www.facebook.com\/clevertogether\/","twitter:card":"summary_large_image","twitter:title":"Proc\u00e9d\u00e9s de transformation plastique - Hybster | France","twitter:description":"D\u00e9couvrez les proc\u00e9d\u00e9s de transformation des plastiques : injection, impression 3D\u2026 Comparez les solutions adapt\u00e9es au prototypage et \u00e0 la production en s\u00e9rie.","twitter:image":"https:\/\/www.hybster.com\/wp-content\/uploads\/hybster-logo-jpg.webp"},"aioseo_meta_data":{"post_id":"11315","title":"Proc\u00e9d\u00e9s de transformation plastique #separator_sa #site_title","description":"D\u00e9couvrez les proc\u00e9d\u00e9s de transformation des plastiques : injection, impression 3D\u2026 Comparez les solutions adapt\u00e9es au prototypage et \u00e0 la production en s\u00e9rie.","keywords":null,"keyphrases":{"focus":{"keyphrase":"proc\u00e9d\u00e9s","score":88,"analysis":{"keyphraseInTitle":{"score":9,"maxScore":9,"error":0},"keyphraseInDescription":{"score":9,"maxScore":9,"error":0},"keyphraseLength":{"score":9,"maxScore":9,"error":0,"length":3},"keyphraseInURL":{"score":5,"maxScore":5,"error":0},"keyphraseInIntroduction":{"score":3,"maxScore":9,"error":1},"keyphraseInSubHeadings":[],"keyphraseInImageAlt":[],"keywordDensity":{"type":"best","score":9,"maxScore":9,"error":0}}},"additional":[{"keyphrase":"mati\u00e8res plastiques","score":67,"analysis":{"keyphraseInDescription":{"score":3,"maxScore":9,"error":1},"keyphraseLength":{"score":9,"maxScore":9,"error":0,"length":3},"keyphraseInIntroduction":{"score":3,"maxScore":9,"error":1},"keyphraseInImageAlt":[],"keywordDensity":{"type":"best","score":9,"maxScore":9,"error":0}}},{"keyphrase":"transformation","score":100,"analysis":{"keyphraseInDescription":{"score":9,"maxScore":9,"error":0},"keyphraseLength":{"score":9,"maxScore":9,"error":0,"length":1},"keyphraseInIntroduction":{"score":9,"maxScore":9,"error":0},"keyphraseInImageAlt":[],"keywordDensity":{"type":"best","score":9,"maxScore":9,"error":0}}}]},"primary_term":null,"canonical_url":null,"og_title":null,"og_description":null,"og_object_type":"default","og_image_type":"default","og_image_url":null,"og_image_width":null,"og_image_height":null,"og_image_custom_url":null,"og_image_custom_fields":null,"og_video":"","og_custom_url":null,"og_article_section":null,"og_article_tags":null,"twitter_use_og":false,"twitter_card":"default","twitter_image_type":"default","twitter_image_url":null,"twitter_image_custom_url":null,"twitter_image_custom_fields":null,"twitter_title":null,"twitter_description":null,"schema":{"blockGraphs":[],"customGraphs":[],"default":{"data":{"Article":[],"Course":[],"Dataset":[],"FAQPage":[],"Movie":[],"Person":[],"Product":[],"ProductReview":[],"Car":[],"Recipe":[],"Service":[],"SoftwareApplication":[],"WebPage":[]},"graphName":"WebPage","isEnabled":true},"graphs":[]},"schema_type":"default","schema_type_options":null,"pillar_content":false,"robots_default":true,"robots_noindex":false,"robots_noarchive":false,"robots_nosnippet":false,"robots_nofollow":false,"robots_noimageindex":false,"robots_noodp":false,"robots_notranslate":false,"robots_max_snippet":"-1","robots_max_videopreview":"-1","robots_max_imagepreview":"large","priority":null,"frequency":"default","local_seo":null,"seo_analyzer_scan_date":"2026-04-14 08:45:47","breadcrumb_settings":null,"limit_modified_date":false,"reviewed_by":"0","open_ai":null,"ai":{"faqs":[],"keyPoints":[],"titles":[],"descriptions":[],"socialPosts":{"email":[],"linkedin":[],"twitter":[],"facebook":[],"instagram":[]}},"created":"2026-03-18 10:28:19","updated":"2026-04-14 08:45:47"},"aioseo_breadcrumb":"<div class=\"aioseo-breadcrumbs\"><span class=\"aioseo-breadcrumb\">\n\t<a href=\"https:\/\/hybster.com\/fr\" title=\"Home\">Home<\/a>\n<\/span><span class=\"aioseo-breadcrumb-separator\">|<\/span><span class=\"aioseo-breadcrumb\">\n\tproc\u00e9d\u00e9s\n<\/span><\/div>","aioseo_breadcrumb_json":[{"label":"Home","link":"https:\/\/hybster.com\/fr"},{"label":"proc\u00e9d\u00e9s","link":"https:\/\/hybster.com\/fr\/procedes\/"}],"_links":{"self":[{"href":"https:\/\/hybster.com\/fr\/wp-json\/wp\/v2\/pages\/11315","targetHints":{"allow":["GET"]}}],"collection":[{"href":"https:\/\/hybster.com\/fr\/wp-json\/wp\/v2\/pages"}],"about":[{"href":"https:\/\/hybster.com\/fr\/wp-json\/wp\/v2\/types\/page"}],"author":[{"embeddable":true,"href":"https:\/\/hybster.com\/fr\/wp-json\/wp\/v2\/users\/1"}],"replies":[{"embeddable":true,"href":"https:\/\/hybster.com\/fr\/wp-json\/wp\/v2\/comments?post=11315"}],"version-history":[{"count":3,"href":"https:\/\/hybster.com\/fr\/wp-json\/wp\/v2\/pages\/11315\/revisions"}],"predecessor-version":[{"id":12026,"href":"https:\/\/hybster.com\/fr\/wp-json\/wp\/v2\/pages\/11315\/revisions\/12026"}],"wp:attachment":[{"href":"https:\/\/hybster.com\/fr\/wp-json\/wp\/v2\/media?parent=11315"}],"curies":[{"name":"wp","href":"https:\/\/api.w.org\/{rel}","templated":true}]}}