{"id":11313,"date":"2026-03-19T14:58:35","date_gmt":"2026-03-19T13:58:35","guid":{"rendered":"https:\/\/hybster.com\/?page_id=11313"},"modified":"2026-03-25T08:07:49","modified_gmt":"2026-03-25T07:07:49","slug":"documentation","status":"publish","type":"page","link":"https:\/\/hybster.com\/fr\/documentation\/","title":{"rendered":"Documentation"},"content":{"rendered":"<p>Bienvenue dans la documentation Hybster, notre <strong>wiki plasturgie<\/strong> d\u00e9di\u00e9 \u00e0 la <a href=\"https:\/\/hybster.com\/eco-conception-produit\/\"><strong>conception de pi\u00e8ces plastiques<\/strong><\/a>, aux <a href=\"https:\/\/hybster.com\/matieres-plastiques\/\"><strong>mati\u00e8res plastiques<\/strong><\/a> et aux principaux proc\u00e9d\u00e9s de transformation comme l\u2019<strong>injection plastique<\/strong>. Cette page archive rassemble l\u2019ensemble de nos contenus techniques pour vous aider \u00e0 mieux comprendre les bases de la plasturgie, affiner vos choix de conception et s\u00e9curiser le d\u00e9veloppement de vos produits.<\/p>\n<p>Vous y retrouverez des articles, guides et tutoriels sur le <a href=\"https:\/\/hybster.com\/injection-plastique-petites-et-moyennes-series-fabrication-de-pieces-plastiques-sur-mesure\/\"><strong>moulage par injection<\/strong><\/a>, le fonctionnement d\u2019un <a href=\"https:\/\/hybster.com\/moules-injection-plastique\/\"><strong>moule d\u2019injection plastique<\/strong><\/a>, le choix des polym\u00e8res, les tol\u00e9rances des pi\u00e8ces plastiques, les r\u00e8gles de conception, le prototypage, les temps de cycle ou encore les arbitrages entre <strong>injection plastique<\/strong> et <strong>impression 3D<\/strong>. L\u2019objectif de cette documentation plasturgie est simple : proposer une base de connaissances claire, technique et directement exploitable pour les \u00e9quipes produit, les bureaux d\u2019\u00e9tudes et les industriels.<\/p>\n<p>Que vous soyez en phase d\u2019avant-projet, de dimensionnement, d\u2019industrialisation ou d\u2019optimisation d\u2019un produit existant, ce wiki vous permet d\u2019acc\u00e9der rapidement aux informations essentielles pour concevoir des pi\u00e8ces plus fiables, mieux industrialisables et adapt\u00e9es \u00e0 leurs contraintes d\u2019usage. Explorez les contenus par th\u00e9matique pour approfondir vos connaissances en <strong>plasturgie<\/strong> et identifier les meilleures pratiques de d\u00e9veloppement. [Source](https:\/\/hybster.com\/documentation)<\/p>\n","protected":false},"excerpt":{"rendered":"<p>Bienvenue dans la documentation Hybster, notre wiki plasturgie d\u00e9di\u00e9 \u00e0 la conception de pi\u00e8ces plastiques, aux mati\u00e8res plastiques et aux principaux proc\u00e9d\u00e9s de transformation comme l\u2019injection plastique. Cette page archive rassemble l\u2019ensemble de nos contenus techniques pour vous aider \u00e0 mieux comprendre les bases de la plasturgie, affiner vos choix de conception et s\u00e9curiser le&#8230;<\/p>\n","protected":false},"author":1,"featured_media":0,"parent":0,"menu_order":0,"comment_status":"closed","ping_status":"closed","template":"page-documentation.php","meta":{"_acf_changed":false,"om_disable_all_campaigns":false,"_monsterinsights_skip_tracking":false,"_monsterinsights_sitenote_active":false,"_monsterinsights_sitenote_note":"","_monsterinsights_sitenote_category":0,"_uf_show_specific_survey":0,"_uf_disable_surveys":false,"footnotes":""},"class_list":["post-11313","page","type-page","status-publish","hentry"],"acf":[],"aioseo_notices":[],"aioseo_head":"\n\t\t<!-- All in One SEO Pro 4.9.5.2 - aioseo.com -->\n\t<meta name=\"description\" content=\"D\u00e9couvrez le wiki plasturgie Hybster : documentation technique, guide sur l\u2019injection plastique, mati\u00e8res plastiques, conception de pi\u00e8ces et industrialisation.\" \/>\n\t<meta name=\"robots\" content=\"max-image-preview:large\" \/>\n\t<meta name=\"msvalidate.01\" content=\"73766a6cd8544b738baeadd760831ebf\" \/>\n\t<link rel=\"canonical\" href=\"https:\/\/hybster.com\/fr\/documentation\/\" \/>\n\t<meta name=\"generator\" content=\"All in One SEO Pro (AIOSEO) 4.9.5.2\" \/>\n\t\t<meta property=\"og:locale\" content=\"fr_FR\" \/>\n\t\t<meta property=\"og:site_name\" content=\"Hybster | France - Clever Together\" \/>\n\t\t<meta property=\"og:type\" content=\"article\" \/>\n\t\t<meta property=\"og:title\" content=\"Documentation - Hybster | France\" \/>\n\t\t<meta property=\"og:description\" content=\"D\u00e9couvrez le wiki plasturgie Hybster : documentation technique, guide sur l\u2019injection plastique, mati\u00e8res plastiques, conception de pi\u00e8ces et industrialisation.\" \/>\n\t\t<meta property=\"og:url\" content=\"https:\/\/hybster.com\/fr\/documentation\/\" \/>\n\t\t<meta property=\"og:image\" content=\"https:\/\/www.hybster.com\/wp-content\/uploads\/hybster-logo-jpg.webp\" \/>\n\t\t<meta property=\"og:image:secure_url\" content=\"https:\/\/www.hybster.com\/wp-content\/uploads\/hybster-logo-jpg.webp\" \/>\n\t\t<meta property=\"article:published_time\" content=\"2026-03-19T13:58:35+00:00\" \/>\n\t\t<meta property=\"article:modified_time\" content=\"2026-03-25T07:07:49+00:00\" \/>\n\t\t<meta property=\"article:publisher\" content=\"https:\/\/www.facebook.com\/clevertogether\/\" \/>\n\t\t<meta name=\"twitter:card\" content=\"summary_large_image\" \/>\n\t\t<meta name=\"twitter:title\" content=\"Documentation - Hybster | France\" \/>\n\t\t<meta name=\"twitter:description\" content=\"D\u00e9couvrez le wiki plasturgie Hybster : documentation technique, guide sur l\u2019injection plastique, mati\u00e8res plastiques, conception de pi\u00e8ces et industrialisation.\" \/>\n\t\t<meta name=\"twitter:image\" content=\"https:\/\/www.hybster.com\/wp-content\/uploads\/hybster-logo-jpg.webp\" \/>\n\t\t<script type=\"application\/ld+json\" class=\"aioseo-schema\">\n\t\t\t{\"@context\":\"https:\\\/\\\/schema.org\",\"@graph\":[{\"@type\":\"BreadcrumbList\",\"@id\":\"https:\\\/\\\/hybster.com\\\/fr\\\/documentation\\\/#breadcrumblist\",\"itemListElement\":[{\"@type\":\"ListItem\",\"@id\":\"https:\\\/\\\/hybster.com\\\/fr#listItem\",\"position\":1,\"name\":\"Home\",\"item\":\"https:\\\/\\\/hybster.com\\\/fr\",\"nextItem\":{\"@type\":\"ListItem\",\"@id\":\"https:\\\/\\\/hybster.com\\\/fr\\\/documentation\\\/#listItem\",\"name\":\"Documentation\"}},{\"@type\":\"ListItem\",\"@id\":\"https:\\\/\\\/hybster.com\\\/fr\\\/documentation\\\/#listItem\",\"position\":2,\"name\":\"Documentation\",\"previousItem\":{\"@type\":\"ListItem\",\"@id\":\"https:\\\/\\\/hybster.com\\\/fr#listItem\",\"name\":\"Home\"}}]},{\"@type\":\"Organization\",\"@id\":\"https:\\\/\\\/hybster.com\\\/fr\\\/#organization\",\"name\":\"Hybster\",\"description\":\"Clever Together\",\"url\":\"https:\\\/\\\/hybster.com\\\/fr\\\/\",\"telephone\":\"+33972518989\",\"logo\":{\"@type\":\"ImageObject\",\"url\":\"https:\\\/\\\/www.hybster.com\\\/wp-content\\\/uploads\\\/hybster-logo-jpg.webp\",\"@id\":\"https:\\\/\\\/hybster.com\\\/fr\\\/documentation\\\/#organizationLogo\"},\"image\":{\"@id\":\"https:\\\/\\\/hybster.com\\\/fr\\\/documentation\\\/#organizationLogo\"},\"sameAs\":[\"https:\\\/\\\/www.facebook.com\\\/clevertogether\\\/\",\"https:\\\/\\\/www.youtube.com\\\/channel\\\/UCdtuyHWJGIrwEcENV_O8IJA\",\"https:\\\/\\\/www.linkedin.com\\\/company\\\/hybster\"]},{\"@type\":\"WebPage\",\"@id\":\"https:\\\/\\\/hybster.com\\\/fr\\\/documentation\\\/#webpage\",\"url\":\"https:\\\/\\\/hybster.com\\\/fr\\\/documentation\\\/\",\"name\":\"Documentation - Hybster | France\",\"description\":\"D\\u00e9couvrez le wiki plasturgie Hybster : documentation technique, guide sur l\\u2019injection plastique, mati\\u00e8res plastiques, conception de pi\\u00e8ces et industrialisation.\",\"inLanguage\":\"fr-FR\",\"isPartOf\":{\"@id\":\"https:\\\/\\\/hybster.com\\\/fr\\\/#website\"},\"breadcrumb\":{\"@id\":\"https:\\\/\\\/hybster.com\\\/fr\\\/documentation\\\/#breadcrumblist\"},\"datePublished\":\"2026-03-19T14:58:35+01:00\",\"dateModified\":\"2026-03-25T08:07:49+01:00\"},{\"@type\":\"WebSite\",\"@id\":\"https:\\\/\\\/hybster.com\\\/fr\\\/#website\",\"url\":\"https:\\\/\\\/hybster.com\\\/fr\\\/\",\"name\":\"Hybster\",\"description\":\"Clever Together\",\"inLanguage\":\"fr-FR\",\"publisher\":{\"@id\":\"https:\\\/\\\/hybster.com\\\/fr\\\/#organization\"}}]}\n\t\t<\/script>\n\t\t<script type=\"text\/javascript\">\n\t\t\t(function(c,l,a,r,i,t,y){\n\t\t\tc[a]=c[a]||function(){(c[a].q=c[a].q||[]).push(arguments)};t=l.createElement(r);t.async=1;\n\t\t\tt.src=\"https:\/\/www.clarity.ms\/tag\/\"+i+\"?ref=aioseo\";y=l.getElementsByTagName(r)[0];y.parentNode.insertBefore(t,y);\n\t\t})(window, document, \"clarity\", \"script\", \"m8p6scflma\");\n\t\t<\/script>\n\t\t<!-- All in One SEO Pro -->\r\n\t\t<title>Documentation - Hybster | France<\/title>\n\n","aioseo_head_json":{"title":"Documentation - Hybster | France","description":"D\u00e9couvrez le wiki plasturgie Hybster : documentation technique, guide sur l\u2019injection plastique, mati\u00e8res plastiques, conception de pi\u00e8ces et industrialisation.","canonical_url":"https:\/\/hybster.com\/fr\/documentation\/","robots":"max-image-preview:large","keywords":"","webmasterTools":{"msvalidate.01":"73766a6cd8544b738baeadd760831ebf","miscellaneous":""},"schema":{"@context":"https:\/\/schema.org","@graph":[{"@type":"BreadcrumbList","@id":"https:\/\/hybster.com\/fr\/documentation\/#breadcrumblist","itemListElement":[{"@type":"ListItem","@id":"https:\/\/hybster.com\/fr#listItem","position":1,"name":"Home","item":"https:\/\/hybster.com\/fr","nextItem":{"@type":"ListItem","@id":"https:\/\/hybster.com\/fr\/documentation\/#listItem","name":"Documentation"}},{"@type":"ListItem","@id":"https:\/\/hybster.com\/fr\/documentation\/#listItem","position":2,"name":"Documentation","previousItem":{"@type":"ListItem","@id":"https:\/\/hybster.com\/fr#listItem","name":"Home"}}]},{"@type":"Organization","@id":"https:\/\/hybster.com\/fr\/#organization","name":"Hybster","description":"Clever Together","url":"https:\/\/hybster.com\/fr\/","telephone":"+33972518989","logo":{"@type":"ImageObject","url":"https:\/\/www.hybster.com\/wp-content\/uploads\/hybster-logo-jpg.webp","@id":"https:\/\/hybster.com\/fr\/documentation\/#organizationLogo"},"image":{"@id":"https:\/\/hybster.com\/fr\/documentation\/#organizationLogo"},"sameAs":["https:\/\/www.facebook.com\/clevertogether\/","https:\/\/www.youtube.com\/channel\/UCdtuyHWJGIrwEcENV_O8IJA","https:\/\/www.linkedin.com\/company\/hybster"]},{"@type":"WebPage","@id":"https:\/\/hybster.com\/fr\/documentation\/#webpage","url":"https:\/\/hybster.com\/fr\/documentation\/","name":"Documentation - Hybster | France","description":"D\u00e9couvrez le wiki plasturgie Hybster : documentation technique, guide sur l\u2019injection plastique, mati\u00e8res plastiques, conception de pi\u00e8ces et industrialisation.","inLanguage":"fr-FR","isPartOf":{"@id":"https:\/\/hybster.com\/fr\/#website"},"breadcrumb":{"@id":"https:\/\/hybster.com\/fr\/documentation\/#breadcrumblist"},"datePublished":"2026-03-19T14:58:35+01:00","dateModified":"2026-03-25T08:07:49+01:00"},{"@type":"WebSite","@id":"https:\/\/hybster.com\/fr\/#website","url":"https:\/\/hybster.com\/fr\/","name":"Hybster","description":"Clever Together","inLanguage":"fr-FR","publisher":{"@id":"https:\/\/hybster.com\/fr\/#organization"}}]},"og:locale":"fr_FR","og:site_name":"Hybster | France - Clever Together","og:type":"article","og:title":"Documentation - Hybster | France","og:description":"D\u00e9couvrez le wiki plasturgie Hybster : documentation technique, guide sur l\u2019injection plastique, mati\u00e8res plastiques, conception de pi\u00e8ces et industrialisation.","og:url":"https:\/\/hybster.com\/fr\/documentation\/","og:image":"https:\/\/www.hybster.com\/wp-content\/uploads\/hybster-logo-jpg.webp","og:image:secure_url":"https:\/\/www.hybster.com\/wp-content\/uploads\/hybster-logo-jpg.webp","article:published_time":"2026-03-19T13:58:35+00:00","article:modified_time":"2026-03-25T07:07:49+00:00","article:publisher":"https:\/\/www.facebook.com\/clevertogether\/","twitter:card":"summary_large_image","twitter:title":"Documentation - Hybster | France","twitter:description":"D\u00e9couvrez le wiki plasturgie Hybster : documentation technique, guide sur l\u2019injection plastique, mati\u00e8res plastiques, conception de pi\u00e8ces et industrialisation.","twitter:image":"https:\/\/www.hybster.com\/wp-content\/uploads\/hybster-logo-jpg.webp"},"aioseo_meta_data":{"post_id":"11313","title":null,"description":"D\u00e9couvrez le wiki plasturgie Hybster : documentation technique, guide sur l\u2019injection plastique, mati\u00e8res plastiques, conception de pi\u00e8ces et industrialisation.","keywords":null,"keyphrases":{"focus":{"keyphrase":"","score":0,"analysis":{"keyphraseInTitle":{"score":0,"maxScore":9,"error":1}}},"additional":[]},"primary_term":null,"canonical_url":null,"og_title":null,"og_description":null,"og_object_type":"default","og_image_type":"default","og_image_url":null,"og_image_width":null,"og_image_height":null,"og_image_custom_url":null,"og_image_custom_fields":null,"og_video":"","og_custom_url":null,"og_article_section":null,"og_article_tags":null,"twitter_use_og":false,"twitter_card":"default","twitter_image_type":"default","twitter_image_url":null,"twitter_image_custom_url":null,"twitter_image_custom_fields":null,"twitter_title":null,"twitter_description":null,"schema":{"blockGraphs":[],"customGraphs":[],"default":{"data":{"Article":[],"Course":[],"Dataset":[],"FAQPage":[],"Movie":[],"Person":[],"Product":[],"ProductReview":[],"Car":[],"Recipe":[],"Service":[],"SoftwareApplication":[],"WebPage":[]},"graphName":"WebPage","isEnabled":true},"graphs":[]},"schema_type":"default","schema_type_options":null,"pillar_content":false,"robots_default":true,"robots_noindex":false,"robots_noarchive":false,"robots_nosnippet":false,"robots_nofollow":false,"robots_noimageindex":false,"robots_noodp":false,"robots_notranslate":false,"robots_max_snippet":"-1","robots_max_videopreview":"-1","robots_max_imagepreview":"large","priority":null,"frequency":"default","local_seo":null,"seo_analyzer_scan_date":"2026-03-25 07:31:48","breadcrumb_settings":null,"limit_modified_date":false,"reviewed_by":null,"open_ai":null,"ai":{"faqs":[],"keyPoints":[],"titles":[],"descriptions":[],"socialPosts":{"email":[],"linkedin":[],"twitter":[],"facebook":[],"instagram":[]}},"created":"2026-03-18 10:27:01","updated":"2026-03-25 07:44:43"},"aioseo_breadcrumb":"<div class=\"aioseo-breadcrumbs\"><span class=\"aioseo-breadcrumb\">\n\t<a href=\"https:\/\/hybster.com\/fr\" title=\"Home\">Home<\/a>\n<\/span><span class=\"aioseo-breadcrumb-separator\">|<\/span><span class=\"aioseo-breadcrumb\">\n\tDocumentation\n<\/span><\/div>","aioseo_breadcrumb_json":[{"label":"Home","link":"https:\/\/hybster.com\/fr"},{"label":"Documentation","link":"https:\/\/hybster.com\/fr\/documentation\/"}],"_links":{"self":[{"href":"https:\/\/hybster.com\/fr\/wp-json\/wp\/v2\/pages\/11313","targetHints":{"allow":["GET"]}}],"collection":[{"href":"https:\/\/hybster.com\/fr\/wp-json\/wp\/v2\/pages"}],"about":[{"href":"https:\/\/hybster.com\/fr\/wp-json\/wp\/v2\/types\/page"}],"author":[{"embeddable":true,"href":"https:\/\/hybster.com\/fr\/wp-json\/wp\/v2\/users\/1"}],"replies":[{"embeddable":true,"href":"https:\/\/hybster.com\/fr\/wp-json\/wp\/v2\/comments?post=11313"}],"version-history":[{"count":3,"href":"https:\/\/hybster.com\/fr\/wp-json\/wp\/v2\/pages\/11313\/revisions"}],"predecessor-version":[{"id":11835,"href":"https:\/\/hybster.com\/fr\/wp-json\/wp\/v2\/pages\/11313\/revisions\/11835"}],"wp:attachment":[{"href":"https:\/\/hybster.com\/fr\/wp-json\/wp\/v2\/media?parent=11313"}],"curies":[{"name":"wp","href":"https:\/\/api.w.org\/{rel}","templated":true}]}}