{"id":9931,"date":"2025-12-28T19:41:37","date_gmt":"2025-12-28T18:41:37","guid":{"rendered":"https:\/\/hybster.com\/matires-plastiques\/"},"modified":"2026-03-18T19:30:02","modified_gmt":"2026-03-18T18:30:02","slug":"matieres-plastiques","status":"publish","type":"page","link":"https:\/\/hybster.com\/en\/matieres-plastiques\/","title":{"rendered":"Plastic Materials"},"content":{"rendered":"<section data-bb-version=\"5.6.9\" id=\"bt_bb_section69da8e25938d3\" class=\"bt_bb_section bt_bb_layout_boxed_1200\"  data-bt-override-class=\"null\"><div class=\"bt_bb_port\"><div class=\"bt_bb_cell\"><div class=\"bt_bb_cell_inner\"><div class=\"bt_bb_row\"  data-bt-override-class=\"{}\"><div class=\"bt_bb_row_holder\" ><div data-bb-version=\"5.6.9\"  class=\"bt_bb_column col-xxl-12 col-xl-12 col-xs-12 col-sm-12 col-md-12 col-lg-12 bt_bb_vertical_align_top bt_bb_align_left bt_bb_padding_normal\" style=\"; --column-width:12;\" data-width=\"12\" data-bt-override-class=\"{}\"><div class=\"bt_bb_column_content\"><div class=\"bt_bb_column_content_inner\"><div class=\"bt_bb_shortcode\"><div class=\"bt_bb_cpt_grid bt_bb_grid_container bt_bb_cpt_grid bt_bb_columns_3 bt_bb_auto_loading_load_more_loading bt_bb_gap_normal\" style=\"--btbb-filter-width: 300px\" data-columns=\"3\" data-offset=\"0\"><div class=\"bt_bb_cpt_grid_layout bt_bb_cpt_grid_layout_sidebar bt_bb_cpt_grid_sidebar_sticky\"><aside class=\"bt_bb_cpt_grid_sidebar\"><nav class=\"bt_bb_cpt_grid_filter\" aria-label=\"Filtre\" data-accordion=\"no\" data-default-collapsed=\"yes\" data-expand-active-path=\"no\"><div class=\"bt_bb_cpt_grid_filter_title\">Familles de mati\u00e8res<\/div><div class=\"bt_bb_cpt_grid_filter_items\"><button type=\"button\" class=\"bt_bb_cpt_grid_filter_item active\" data-term=\"\" data-level=\"0\">All materials<\/button><ul class=\"bt_bb_cpt_grid_filter_tree\" data-level=\"0\"><li class=\"bt_bb_cpt_grid_filter_tree_item\" data-term-id=\"959\"><button type=\"button\" class=\"bt_bb_cpt_grid_filter_item\" data-term=\"elastomere-thermoplastique-tpe\" data-level=\"0\">\u00c9lastom\u00e8re thermoplastique (TPE)<\/button><ul class=\"bt_bb_cpt_grid_filter_tree\" data-level=\"1\"><li class=\"bt_bb_cpt_grid_filter_tree_item\" data-term-id=\"960\"><button type=\"button\" class=\"bt_bb_cpt_grid_filter_item\" data-term=\"tpo-olefine-thermoplastique\" data-level=\"1\">TPO (ol\u00e9fine thermoplastique)<\/button><\/li><\/ul><\/li><li class=\"bt_bb_cpt_grid_filter_tree_item\" data-term-id=\"961\"><button type=\"button\" class=\"bt_bb_cpt_grid_filter_item\" data-term=\"matiere-courantes\" data-level=\"0\">Mati\u00e8res Plastiques courantes<\/button><ul class=\"bt_bb_cpt_grid_filter_tree\" data-level=\"1\"><li class=\"bt_bb_cpt_grid_filter_tree_item\" data-term-id=\"947\"><button type=\"button\" class=\"bt_bb_cpt_grid_filter_item\" data-term=\"acrylique-pmma\" data-level=\"1\">Acrylique (PMMA)<\/button><\/li><li class=\"bt_bb_cpt_grid_filter_tree_item\" data-term-id=\"765\"><button type=\"button\" class=\"bt_bb_cpt_grid_filter_item\" data-term=\"acrylonitrile-butadiene-styrene-abs\" data-level=\"1\">Acrylonitrile Butadiene Styrene (ABS)<\/button><\/li><li class=\"bt_bb_cpt_grid_filter_tree_item\" data-term-id=\"766\"><button type=\"button\" class=\"bt_bb_cpt_grid_filter_item\" data-term=\"acrylonitrile-styrene-acrylate-asa\" data-level=\"1\">Acrylonitrile Styrene Acrylate (ASA)<\/button><\/li><li class=\"bt_bb_cpt_grid_filter_tree_item\" data-term-id=\"954\"><button type=\"button\" class=\"bt_bb_cpt_grid_filter_item\" data-term=\"polyamide-nylon-pa\" data-level=\"1\">Polyamide (Nylon \/ PA)<\/button><\/li><li class=\"bt_bb_cpt_grid_filter_tree_item\" data-term-id=\"769\"><button type=\"button\" class=\"bt_bb_cpt_grid_filter_item\" data-term=\"polycarbonate-pc\" data-level=\"1\">Polycarbonate (PC)<\/button><\/li><li class=\"bt_bb_cpt_grid_filter_tree_item\" data-term-id=\"958\"><button type=\"button\" class=\"bt_bb_cpt_grid_filter_item\" data-term=\"polyolefine-non-specifiee\" data-level=\"1\">Polyol\u00e9fine<\/button><ul class=\"bt_bb_cpt_grid_filter_tree\" data-level=\"2\"><li class=\"bt_bb_cpt_grid_filter_tree_item\" data-term-id=\"770\"><button type=\"button\" class=\"bt_bb_cpt_grid_filter_item\" data-term=\"polyethylene-pe\" data-level=\"2\">Polyethylene (PE)<\/button><ul class=\"bt_bb_cpt_grid_filter_tree\" data-level=\"3\"><li class=\"bt_bb_cpt_grid_filter_tree_item\" data-term-id=\"951\"><button type=\"button\" class=\"bt_bb_cpt_grid_filter_item\" data-term=\"pehd-hdpe\" data-level=\"3\">PEHD (HDPE)<\/button><\/li><\/ul><\/li><li class=\"bt_bb_cpt_grid_filter_tree_item\" data-term-id=\"771\"><button type=\"button\" class=\"bt_bb_cpt_grid_filter_item\" data-term=\"polypropylene-pp\" data-level=\"2\">Polypropylene (PP)<\/button><\/li><\/ul><\/li><\/ul><\/li><li class=\"bt_bb_cpt_grid_filter_tree_item\" data-term-id=\"962\"><button type=\"button\" class=\"bt_bb_cpt_grid_filter_item\" data-term=\"matieres-techniques\" data-level=\"0\">Thermoplastiques techniques<\/button><ul class=\"bt_bb_cpt_grid_filter_tree\" data-level=\"1\"><li class=\"bt_bb_cpt_grid_filter_tree_item\" data-term-id=\"763\"><button type=\"button\" class=\"bt_bb_cpt_grid_filter_item\" data-term=\"acetal-pom\" data-level=\"1\">Acetal (POM)<\/button><\/li><li class=\"bt_bb_cpt_grid_filter_tree_item\" data-term-id=\"955\"><button type=\"button\" class=\"bt_bb_cpt_grid_filter_item\" data-term=\"pbt-polybutylene-terephtalate\" data-level=\"1\">PBT (polybutyl\u00e8ne t\u00e9r\u00e9phtalate)<\/button><\/li><li class=\"bt_bb_cpt_grid_filter_tree_item\" data-term-id=\"956\"><button type=\"button\" class=\"bt_bb_cpt_grid_filter_item\" data-term=\"polybutylene-terephtalate-pbt\" data-level=\"1\">Polybutyl\u00e8ne t\u00e9r\u00e9phtalate (PBT)<\/button><\/li><li class=\"bt_bb_cpt_grid_filter_tree_item\" data-term-id=\"789\"><button type=\"button\" class=\"bt_bb_cpt_grid_filter_item\" data-term=\"polyketone-pk\" data-level=\"1\">Polyketone (PK)<\/button><\/li><\/ul><\/li><\/ul><\/div><\/nav><\/aside><div class=\"bt_bb_cpt_grid_main\"><div class=\"bt_bb_cpt_grid_content bt_bb_grid_hide\"\n\t\t\tdata-bt-bb-cpt-grid-nonce=\"4ae45011ad\"\n\t\t\tdata-number=\"24\"\n\t\t\tdata-post-type=\"matiere-plastique\"\n\t\t\tdata-taxonomy=\"famille-de-matiere\"\n\t\t\tdata-terms=\"\"\n\t\t\tdata-filter-term=\"\"\n\t\t\tdata-show-excerpt=\"\"\n\t\t\tdata-title-html-tag=\"h4\"\n\t\t\tdata-img-base-size=\"large\"\n\t\t\tdata-orderby=\"date\"\n\t\t\tdata-order=\"DESC\"\n\t\t\tdata-ignore-nonce=\"\"\n\t\t\tdata-auto-loading=\"load_more_loading\"\n\t\t\tdata-no-posts-text=\"Aucun contenu trouv\u00e9.\"><\/div><div class=\"bt_bb_post_grid_loader\"><\/div><div class=\"bt_bb_cpt_grid_button_holder\"><button type=\"button\" class=\"bt_bb_cpt_grid_button\">Charger plus<\/button><\/div><\/div><\/div><\/div><\/div><\/div><\/div><\/div><\/div><\/div><\/div><!-- cell_inner --><\/div><!-- cell --><\/div><!-- port --><\/section>","protected":false},"excerpt":{"rendered":"<p>Le choix des mati\u00e8res plastiques en injection industrielle joue un r\u00f4le d\u00e9terminant sur la performance fonctionnelle, la recyclabilit\u00e9 et le prix de revient des pi\u00e8ces plastiques. Densit\u00e9, comportement m\u00e9canique, temps de cycle, taux de mati\u00e8re recycl\u00e9e ou pertes de production influencent directement le co\u00fbt final et l\u2019impact environnemental.<\/p>\n<p>Nous s\u00e9lectionnons et mettons en \u0153uvre des thermoplastiques adapt\u00e9s \u00e0 chaque projet, en int\u00e9grant une d\u00e9marche d\u2019\u00e9co-conception et une optimisation \u00e9conomique d\u00e8s la phase de chiffrage. Notre approche permet d\u2019arbitrer efficacement entre exigences techniques, durabilit\u00e9 et ma\u00eetrise des co\u00fbts industriels.<\/p>","protected":false},"author":1,"featured_media":380,"parent":0,"menu_order":0,"comment_status":"closed","ping_status":"closed","template":"","meta":{"_acf_changed":false,"om_disable_all_campaigns":false,"_monsterinsights_skip_tracking":false,"_monsterinsights_sitenote_active":false,"_monsterinsights_sitenote_note":"","_monsterinsights_sitenote_category":0,"_uf_show_specific_survey":0,"_uf_disable_surveys":false,"footnotes":""},"class_list":["post-9931","page","type-page","status-publish","has-post-thumbnail","hentry"],"acf":[],"aioseo_notices":[],"aioseo_head":"\n\t\t<!-- All in One SEO Pro 4.9.5.2 - aioseo.com -->\n\t<meta name=\"description\" content=\"D\u00e9couvrez les mati\u00e8res plastiques que nous utilisons : propri\u00e9t\u00e9s, usages et conseils pour choisir la r\u00e9sine id\u00e9ale pour vos projets d\u2019injection plastique.\" \/>\n\t<meta name=\"robots\" content=\"max-image-preview:large\" \/>\n\t<meta name=\"msvalidate.01\" content=\"73766a6cd8544b738baeadd760831ebf\" \/>\n\t<link rel=\"canonical\" href=\"https:\/\/hybster.com\/en\/matieres-plastiques\/\" \/>\n\t<meta name=\"generator\" content=\"All in One SEO Pro (AIOSEO) 4.9.5.2\" \/>\n\t\t<meta property=\"og:locale\" content=\"en_GB\" \/>\n\t\t<meta property=\"og:site_name\" content=\"Hybster | France - Clever Together\" \/>\n\t\t<meta property=\"og:type\" content=\"article\" \/>\n\t\t<meta property=\"og:title\" content=\"Mati\u00e8res plastiques - Hybster | France\" \/>\n\t\t<meta property=\"og:description\" content=\"D\u00e9couvrez les mati\u00e8res plastiques que nous utilisons : propri\u00e9t\u00e9s, usages et conseils pour choisir la r\u00e9sine id\u00e9ale pour vos projets d\u2019injection plastique.\" \/>\n\t\t<meta property=\"og:url\" content=\"https:\/\/hybster.com\/en\/matieres-plastiques\/\" \/>\n\t\t<meta property=\"og:image\" content=\"https:\/\/www.hybster.com\/wp-content\/uploads\/hybster-logo-jpg.webp\" \/>\n\t\t<meta property=\"og:image:secure_url\" content=\"https:\/\/www.hybster.com\/wp-content\/uploads\/hybster-logo-jpg.webp\" \/>\n\t\t<meta property=\"article:published_time\" content=\"2025-12-28T18:41:37+00:00\" \/>\n\t\t<meta property=\"article:modified_time\" content=\"2026-03-18T18:30:02+00:00\" \/>\n\t\t<meta property=\"article:publisher\" content=\"https:\/\/www.facebook.com\/clevertogether\/\" \/>\n\t\t<meta name=\"twitter:card\" content=\"summary_large_image\" \/>\n\t\t<meta name=\"twitter:title\" content=\"Mati\u00e8res plastiques - Hybster | France\" \/>\n\t\t<meta name=\"twitter:description\" content=\"D\u00e9couvrez les mati\u00e8res plastiques que nous utilisons : propri\u00e9t\u00e9s, usages et conseils pour choisir la r\u00e9sine id\u00e9ale pour vos projets d\u2019injection plastique.\" \/>\n\t\t<meta name=\"twitter:image\" content=\"https:\/\/www.hybster.com\/wp-content\/uploads\/hybster-logo-jpg.webp\" \/>\n\t\t<script type=\"application\/ld+json\" class=\"aioseo-schema\">\n\t\t\t{\"@context\":\"https:\\\/\\\/schema.org\",\"@graph\":[{\"@type\":\"BreadcrumbList\",\"@id\":\"https:\\\/\\\/hybster.com\\\/en\\\/matieres-plastiques\\\/#breadcrumblist\",\"itemListElement\":[{\"@type\":\"ListItem\",\"@id\":\"https:\\\/\\\/hybster.com\\\/en#listItem\",\"position\":1,\"name\":\"Home\",\"item\":\"https:\\\/\\\/hybster.com\\\/en\",\"nextItem\":{\"@type\":\"ListItem\",\"@id\":\"https:\\\/\\\/hybster.com\\\/en\\\/matieres-plastiques\\\/#listItem\",\"name\":\"Mati\\u00e8res plastiques\"}},{\"@type\":\"ListItem\",\"@id\":\"https:\\\/\\\/hybster.com\\\/en\\\/matieres-plastiques\\\/#listItem\",\"position\":2,\"name\":\"Mati\\u00e8res plastiques\",\"previousItem\":{\"@type\":\"ListItem\",\"@id\":\"https:\\\/\\\/hybster.com\\\/en#listItem\",\"name\":\"Home\"}}]},{\"@type\":\"Organization\",\"@id\":\"https:\\\/\\\/hybster.com\\\/en\\\/#organization\",\"name\":\"Hybster\",\"description\":\"Clever Together\",\"url\":\"https:\\\/\\\/hybster.com\\\/en\\\/\",\"telephone\":\"+33972518989\",\"logo\":{\"@type\":\"ImageObject\",\"url\":\"https:\\\/\\\/www.hybster.com\\\/wp-content\\\/uploads\\\/hybster-logo-jpg.webp\",\"@id\":\"https:\\\/\\\/hybster.com\\\/en\\\/matieres-plastiques\\\/#organizationLogo\"},\"image\":{\"@id\":\"https:\\\/\\\/hybster.com\\\/en\\\/matieres-plastiques\\\/#organizationLogo\"},\"sameAs\":[\"https:\\\/\\\/www.facebook.com\\\/clevertogether\\\/\",\"https:\\\/\\\/www.youtube.com\\\/channel\\\/UCdtuyHWJGIrwEcENV_O8IJA\",\"https:\\\/\\\/www.linkedin.com\\\/company\\\/hybster\"]},{\"@type\":\"WebPage\",\"@id\":\"https:\\\/\\\/hybster.com\\\/en\\\/matieres-plastiques\\\/#webpage\",\"url\":\"https:\\\/\\\/hybster.com\\\/en\\\/matieres-plastiques\\\/\",\"name\":\"Mati\\u00e8res plastiques - Hybster | France\",\"description\":\"D\\u00e9couvrez les mati\\u00e8res plastiques que nous utilisons : propri\\u00e9t\\u00e9s, usages et conseils pour choisir la r\\u00e9sine id\\u00e9ale pour vos projets d\\u2019injection plastique.\",\"inLanguage\":\"en-GB\",\"isPartOf\":{\"@id\":\"https:\\\/\\\/hybster.com\\\/en\\\/#website\"},\"breadcrumb\":{\"@id\":\"https:\\\/\\\/hybster.com\\\/en\\\/matieres-plastiques\\\/#breadcrumblist\"},\"image\":{\"@type\":\"ImageObject\",\"url\":380,\"@id\":\"https:\\\/\\\/hybster.com\\\/en\\\/matieres-plastiques\\\/#mainImage\"},\"primaryImageOfPage\":{\"@id\":\"https:\\\/\\\/hybster.com\\\/en\\\/matieres-plastiques\\\/#mainImage\"},\"datePublished\":\"2025-12-28T19:41:37+01:00\",\"dateModified\":\"2026-03-18T19:30:02+01:00\"},{\"@type\":\"WebSite\",\"@id\":\"https:\\\/\\\/hybster.com\\\/en\\\/#website\",\"url\":\"https:\\\/\\\/hybster.com\\\/en\\\/\",\"name\":\"Hybster\",\"description\":\"Clever Together\",\"inLanguage\":\"en-GB\",\"publisher\":{\"@id\":\"https:\\\/\\\/hybster.com\\\/en\\\/#organization\"}}]}\n\t\t<\/script>\n\t\t<script type=\"text\/javascript\">\n\t\t\t(function(c,l,a,r,i,t,y){\n\t\t\tc[a]=c[a]||function(){(c[a].q=c[a].q||[]).push(arguments)};t=l.createElement(r);t.async=1;\n\t\t\tt.src=\"https:\/\/www.clarity.ms\/tag\/\"+i+\"?ref=aioseo\";y=l.getElementsByTagName(r)[0];y.parentNode.insertBefore(t,y);\n\t\t})(window, document, \"clarity\", \"script\", \"m8p6scflma\");\n\t\t<\/script>\n\t\t<!-- All in One SEO Pro -->\r\n\t\t<title>Mati\u00e8res plastiques - Hybster | France<\/title>\n\n","aioseo_head_json":{"title":"Mati\u00e8res plastiques - Hybster | France","description":"D\u00e9couvrez les mati\u00e8res plastiques que nous utilisons : propri\u00e9t\u00e9s, usages et conseils pour choisir la r\u00e9sine id\u00e9ale pour vos projets d\u2019injection plastique.","canonical_url":"https:\/\/hybster.com\/en\/matieres-plastiques\/","robots":"max-image-preview:large","keywords":"","webmasterTools":{"msvalidate.01":"73766a6cd8544b738baeadd760831ebf","miscellaneous":""},"schema":{"@context":"https:\/\/schema.org","@graph":[{"@type":"BreadcrumbList","@id":"https:\/\/hybster.com\/en\/matieres-plastiques\/#breadcrumblist","itemListElement":[{"@type":"ListItem","@id":"https:\/\/hybster.com\/en#listItem","position":1,"name":"Home","item":"https:\/\/hybster.com\/en","nextItem":{"@type":"ListItem","@id":"https:\/\/hybster.com\/en\/matieres-plastiques\/#listItem","name":"Mati\u00e8res plastiques"}},{"@type":"ListItem","@id":"https:\/\/hybster.com\/en\/matieres-plastiques\/#listItem","position":2,"name":"Mati\u00e8res plastiques","previousItem":{"@type":"ListItem","@id":"https:\/\/hybster.com\/en#listItem","name":"Home"}}]},{"@type":"Organization","@id":"https:\/\/hybster.com\/en\/#organization","name":"Hybster","description":"Clever Together","url":"https:\/\/hybster.com\/en\/","telephone":"+33972518989","logo":{"@type":"ImageObject","url":"https:\/\/www.hybster.com\/wp-content\/uploads\/hybster-logo-jpg.webp","@id":"https:\/\/hybster.com\/en\/matieres-plastiques\/#organizationLogo"},"image":{"@id":"https:\/\/hybster.com\/en\/matieres-plastiques\/#organizationLogo"},"sameAs":["https:\/\/www.facebook.com\/clevertogether\/","https:\/\/www.youtube.com\/channel\/UCdtuyHWJGIrwEcENV_O8IJA","https:\/\/www.linkedin.com\/company\/hybster"]},{"@type":"WebPage","@id":"https:\/\/hybster.com\/en\/matieres-plastiques\/#webpage","url":"https:\/\/hybster.com\/en\/matieres-plastiques\/","name":"Mati\u00e8res plastiques - Hybster | France","description":"D\u00e9couvrez les mati\u00e8res plastiques que nous utilisons : propri\u00e9t\u00e9s, usages et conseils pour choisir la r\u00e9sine id\u00e9ale pour vos projets d\u2019injection plastique.","inLanguage":"en-GB","isPartOf":{"@id":"https:\/\/hybster.com\/en\/#website"},"breadcrumb":{"@id":"https:\/\/hybster.com\/en\/matieres-plastiques\/#breadcrumblist"},"image":{"@type":"ImageObject","url":380,"@id":"https:\/\/hybster.com\/en\/matieres-plastiques\/#mainImage"},"primaryImageOfPage":{"@id":"https:\/\/hybster.com\/en\/matieres-plastiques\/#mainImage"},"datePublished":"2025-12-28T19:41:37+01:00","dateModified":"2026-03-18T19:30:02+01:00"},{"@type":"WebSite","@id":"https:\/\/hybster.com\/en\/#website","url":"https:\/\/hybster.com\/en\/","name":"Hybster","description":"Clever Together","inLanguage":"en-GB","publisher":{"@id":"https:\/\/hybster.com\/en\/#organization"}}]},"og:locale":"en_GB","og:site_name":"Hybster | France - Clever Together","og:type":"article","og:title":"Mati\u00e8res plastiques - Hybster | France","og:description":"D\u00e9couvrez les mati\u00e8res plastiques que nous utilisons : propri\u00e9t\u00e9s, usages et conseils pour choisir la r\u00e9sine id\u00e9ale pour vos projets d\u2019injection plastique.","og:url":"https:\/\/hybster.com\/en\/matieres-plastiques\/","og:image":"https:\/\/www.hybster.com\/wp-content\/uploads\/hybster-logo-jpg.webp","og:image:secure_url":"https:\/\/www.hybster.com\/wp-content\/uploads\/hybster-logo-jpg.webp","article:published_time":"2025-12-28T18:41:37+00:00","article:modified_time":"2026-03-18T18:30:02+00:00","article:publisher":"https:\/\/www.facebook.com\/clevertogether\/","twitter:card":"summary_large_image","twitter:title":"Mati\u00e8res plastiques - Hybster | France","twitter:description":"D\u00e9couvrez les mati\u00e8res plastiques que nous utilisons : propri\u00e9t\u00e9s, usages et conseils pour choisir la r\u00e9sine id\u00e9ale pour vos projets d\u2019injection plastique.","twitter:image":"https:\/\/www.hybster.com\/wp-content\/uploads\/hybster-logo-jpg.webp"},"aioseo_meta_data":{"post_id":"9931","title":null,"description":"D\u00e9couvrez les mati\u00e8res plastiques que nous utilisons : propri\u00e9t\u00e9s, usages et conseils pour choisir la r\u00e9sine id\u00e9ale pour vos projets d\u2019injection plastique.","keywords":null,"keyphrases":{"focus":{"keyphrase":"mati\u00e8res plastiques","score":70,"analysis":{"keyphraseInTitle":{"score":9,"maxScore":9,"error":0},"keyphraseInDescription":{"score":9,"maxScore":9,"error":0},"keyphraseLength":{"score":9,"maxScore":9,"error":0,"length":3},"keyphraseInURL":{"score":5,"maxScore":5,"error":0},"keyphraseInIntroduction":{"score":3,"maxScore":9,"error":1},"keyphraseInSubHeadings":[],"keyphraseInImageAlt":[],"keywordDensity":{"score":0,"type":"low","maxScore":9,"error":1}}},"additional":[{"keyphrase":"mat\u00e9riaux plastique","score":42,"analysis":{"keyphraseInDescription":{"score":3,"maxScore":9,"error":1},"keyphraseLength":{"score":9,"maxScore":9,"error":0,"length":3},"keyphraseInIntroduction":{"score":3,"maxScore":9,"error":1},"keyphraseInImageAlt":[],"keywordDensity":{"score":0,"type":"low","maxScore":9,"error":1}}},{"keyphrase":"propri\u00e9t\u00e9s des plastiques","score":33,"analysis":{"keyphraseInDescription":{"score":3,"maxScore":9,"error":1},"keyphraseLength":{"score":6,"maxScore":9,"error":1,"length":5},"keyphraseInIntroduction":{"score":3,"maxScore":9,"error":1},"keyphraseInImageAlt":[],"keywordDensity":{"score":0,"type":"low","maxScore":9,"error":1}}},{"keyphrase":"choix mati\u00e8re plastique pour projet","score":33,"analysis":{"keyphraseInDescription":{"score":3,"maxScore":9,"error":1},"keyphraseLength":{"score":6,"maxScore":9,"error":1,"length":6},"keyphraseInIntroduction":{"score":3,"maxScore":9,"error":1},"keyphraseInImageAlt":[],"keywordDensity":{"score":0,"type":"low","maxScore":9,"error":1}}}]},"primary_term":null,"canonical_url":null,"og_title":null,"og_description":null,"og_object_type":"default","og_image_type":"default","og_image_url":null,"og_image_width":null,"og_image_height":null,"og_image_custom_url":null,"og_image_custom_fields":null,"og_video":"","og_custom_url":null,"og_article_section":null,"og_article_tags":null,"twitter_use_og":false,"twitter_card":"default","twitter_image_type":"default","twitter_image_url":null,"twitter_image_custom_url":null,"twitter_image_custom_fields":null,"twitter_title":null,"twitter_description":null,"schema":{"blockGraphs":[],"customGraphs":[],"default":{"data":{"Article":[],"Course":[],"Dataset":[],"FAQPage":[],"Movie":[],"Person":[],"Product":[],"ProductReview":[],"Car":[],"Recipe":[],"Service":[],"SoftwareApplication":[],"WebPage":[]},"graphName":"WebPage","isEnabled":true},"graphs":[]},"schema_type":"default","schema_type_options":null,"pillar_content":false,"robots_default":true,"robots_noindex":false,"robots_noarchive":false,"robots_nosnippet":false,"robots_nofollow":false,"robots_noimageindex":false,"robots_noodp":false,"robots_notranslate":false,"robots_max_snippet":"-1","robots_max_videopreview":"-1","robots_max_imagepreview":"large","priority":null,"frequency":"default","local_seo":null,"seo_analyzer_scan_date":"2026-03-18 18:50:51","breadcrumb_settings":null,"limit_modified_date":false,"reviewed_by":null,"open_ai":null,"ai":{"faqs":[],"keyPoints":[],"titles":[],"descriptions":[],"socialPosts":{"email":[],"linkedin":[],"twitter":[],"facebook":[],"instagram":[]}},"created":"2025-12-28 18:41:37","updated":"2026-03-18 18:51:03"},"aioseo_breadcrumb":"<div class=\"aioseo-breadcrumbs\"><span class=\"aioseo-breadcrumb\">\n\t<a href=\"https:\/\/hybster.com\/en\" title=\"Home\">Home<\/a>\n<\/span><span class=\"aioseo-breadcrumb-separator\">|<\/span><span class=\"aioseo-breadcrumb\">\n\tMati\u00e8res plastiques\n<\/span><\/div>","aioseo_breadcrumb_json":[{"label":"Home","link":"https:\/\/hybster.com\/en"},{"label":"Mati\u00e8res plastiques","link":"https:\/\/hybster.com\/en\/matieres-plastiques\/"}],"_links":{"self":[{"href":"https:\/\/hybster.com\/en\/wp-json\/wp\/v2\/pages\/9931","targetHints":{"allow":["GET"]}}],"collection":[{"href":"https:\/\/hybster.com\/en\/wp-json\/wp\/v2\/pages"}],"about":[{"href":"https:\/\/hybster.com\/en\/wp-json\/wp\/v2\/types\/page"}],"author":[{"embeddable":true,"href":"https:\/\/hybster.com\/en\/wp-json\/wp\/v2\/users\/1"}],"replies":[{"embeddable":true,"href":"https:\/\/hybster.com\/en\/wp-json\/wp\/v2\/comments?post=9931"}],"version-history":[{"count":43,"href":"https:\/\/hybster.com\/en\/wp-json\/wp\/v2\/pages\/9931\/revisions"}],"predecessor-version":[{"id":11196,"href":"https:\/\/hybster.com\/en\/wp-json\/wp\/v2\/pages\/9931\/revisions\/11196"}],"wp:featuredmedia":[{"embeddable":true,"href":"https:\/\/hybster.com\/en\/wp-json\/"}],"wp:attachment":[{"href":"https:\/\/hybster.com\/en\/wp-json\/wp\/v2\/media?parent=9931"}],"curies":[{"name":"wp","href":"https:\/\/api.w.org\/{rel}","templated":true}]}}