{"id":2168,"date":"2021-04-27T08:35:23","date_gmt":"2021-04-27T06:35:23","guid":{"rendered":"http:\/\/hybster-com.stackstaging.com\/accompagnement-de-startups-et-innovation-industrielle-copy\/"},"modified":"2024-07-06T09:11:42","modified_gmt":"2024-07-06T07:11:42","slug":"transport-and-mobility","status":"publish","type":"page","link":"https:\/\/hybster.com\/en\/transport-and-mobility\/","title":{"rendered":"Transport and mobility"},"content":{"rendered":"","protected":false},"excerpt":{"rendered":"","protected":false},"author":1,"featured_media":0,"parent":0,"menu_order":0,"comment_status":"closed","ping_status":"closed","template":"","meta":{"_acf_changed":false,"om_disable_all_campaigns":false,"_monsterinsights_skip_tracking":false,"_monsterinsights_sitenote_active":false,"_monsterinsights_sitenote_note":"","_monsterinsights_sitenote_category":0,"_uf_show_specific_survey":0,"_uf_disable_surveys":false,"footnotes":""},"class_list":["post-2168","page","type-page","status-publish","hentry"],"acf":[],"aioseo_notices":[],"aioseo_head":"\n\t\t<!-- All in One SEO Pro 4.9.6.2 - aioseo.com -->\n\t<meta name=\"description\" content=\"Fabrication de pi\u00e8ces plastiques pour le secteur transport et mobilit\u00e9. Faites \u00e0 confiance \u00e0 Hybster pour vos nouveaux projets.\" \/>\n\t<meta name=\"robots\" content=\"max-image-preview:large\" \/>\n\t<meta name=\"msvalidate.01\" content=\"73766a6cd8544b738baeadd760831ebf\" \/>\n\t<link rel=\"canonical\" href=\"https:\/\/hybster.com\/en\/transport-and-mobility\/\" \/>\n\t<meta name=\"generator\" content=\"All in One SEO Pro (AIOSEO) 4.9.6.2\" \/>\n\t\t<meta property=\"og:locale\" content=\"en_GB\" \/>\n\t\t<meta property=\"og:site_name\" content=\"Hybster | France - Clever Together\" \/>\n\t\t<meta property=\"og:type\" content=\"article\" \/>\n\t\t<meta property=\"og:title\" content=\"Transport et mobilit\u00e9\" \/>\n\t\t<meta property=\"og:description\" content=\"Fabrication de pi\u00e8ces plastiques pour le secteur transport et mobilit\u00e9. Faites \u00e0 confiance \u00e0 Hybster pour vos nouveaux projets.\" \/>\n\t\t<meta property=\"og:url\" content=\"https:\/\/hybster.com\/en\/transport-and-mobility\/\" \/>\n\t\t<meta property=\"og:image\" content=\"https:\/\/www.hybster.com\/wp-content\/uploads\/hybster-logo-jpg.webp\" \/>\n\t\t<meta property=\"og:image:secure_url\" content=\"https:\/\/www.hybster.com\/wp-content\/uploads\/hybster-logo-jpg.webp\" \/>\n\t\t<meta property=\"article:published_time\" content=\"2021-04-27T06:35:23+00:00\" \/>\n\t\t<meta property=\"article:modified_time\" content=\"2024-07-06T07:11:42+00:00\" \/>\n\t\t<meta property=\"article:publisher\" content=\"https:\/\/www.facebook.com\/clevertogether\/\" \/>\n\t\t<meta name=\"twitter:card\" content=\"summary_large_image\" \/>\n\t\t<meta name=\"twitter:title\" content=\"Transport et mobilit\u00e9\" \/>\n\t\t<meta name=\"twitter:description\" content=\"Fabrication de pi\u00e8ces plastiques pour le secteur transport et mobilit\u00e9. Faites \u00e0 confiance \u00e0 Hybster pour vos nouveaux projets.\" \/>\n\t\t<meta name=\"twitter:image\" content=\"https:\/\/www.hybster.com\/wp-content\/uploads\/hybster-logo-jpg.webp\" \/>\n\t\t<script type=\"application\/ld+json\" class=\"aioseo-schema\">\n\t\t\t{\"@context\":\"https:\\\/\\\/schema.org\",\"@graph\":[{\"@type\":\"BreadcrumbList\",\"@id\":\"https:\\\/\\\/hybster.com\\\/en\\\/transport-and-mobility\\\/#breadcrumblist\",\"itemListElement\":[{\"@type\":\"ListItem\",\"@id\":\"https:\\\/\\\/hybster.com\\\/en#listItem\",\"position\":1,\"name\":\"Home\",\"item\":\"https:\\\/\\\/hybster.com\\\/en\",\"nextItem\":{\"@type\":\"ListItem\",\"@id\":\"https:\\\/\\\/hybster.com\\\/en\\\/transport-and-mobility\\\/#listItem\",\"name\":\"Transport et mobilit\\u00e9\"}},{\"@type\":\"ListItem\",\"@id\":\"https:\\\/\\\/hybster.com\\\/en\\\/transport-and-mobility\\\/#listItem\",\"position\":2,\"name\":\"Transport et mobilit\\u00e9\",\"previousItem\":{\"@type\":\"ListItem\",\"@id\":\"https:\\\/\\\/hybster.com\\\/en#listItem\",\"name\":\"Home\"}}]},{\"@type\":\"Organization\",\"@id\":\"https:\\\/\\\/hybster.com\\\/en\\\/#organization\",\"name\":\"Hybster\",\"description\":\"Clever Together\",\"url\":\"https:\\\/\\\/hybster.com\\\/en\\\/\",\"email\":\"info@hybster.com\",\"telephone\":\"+33972518989\",\"foundingDate\":\"2019-02-01\",\"numberOfEmployees\":{\"@type\":\"QuantitativeValue\",\"minValue\":0,\"maxValue\":20},\"logo\":{\"@type\":\"ImageObject\",\"url\":\"https:\\\/\\\/www.hybster.com\\\/wp-content\\\/uploads\\\/hybster-logo-jpg.webp\",\"@id\":\"https:\\\/\\\/hybster.com\\\/en\\\/transport-and-mobility\\\/#organizationLogo\"},\"image\":{\"@id\":\"https:\\\/\\\/hybster.com\\\/en\\\/transport-and-mobility\\\/#organizationLogo\"},\"sameAs\":[\"https:\\\/\\\/www.facebook.com\\\/clevertogether\\\/\",\"https:\\\/\\\/www.youtube.com\\\/channel\\\/UCdtuyHWJGIrwEcENV_O8IJA\",\"https:\\\/\\\/www.linkedin.com\\\/company\\\/hybster\"]},{\"@type\":\"WebPage\",\"@id\":\"https:\\\/\\\/hybster.com\\\/en\\\/transport-and-mobility\\\/#webpage\",\"url\":\"https:\\\/\\\/hybster.com\\\/en\\\/transport-and-mobility\\\/\",\"name\":\"Transport et mobilit\\u00e9\",\"description\":\"Fabrication de pi\\u00e8ces plastiques pour le secteur transport et mobilit\\u00e9. Faites \\u00e0 confiance \\u00e0 Hybster pour vos nouveaux projets.\",\"inLanguage\":\"en-GB\",\"isPartOf\":{\"@id\":\"https:\\\/\\\/hybster.com\\\/en\\\/#website\"},\"breadcrumb\":{\"@id\":\"https:\\\/\\\/hybster.com\\\/en\\\/transport-and-mobility\\\/#breadcrumblist\"},\"datePublished\":\"2021-04-27T08:35:23+02:00\",\"dateModified\":\"2024-07-06T09:11:42+02:00\"},{\"@type\":\"WebSite\",\"@id\":\"https:\\\/\\\/hybster.com\\\/en\\\/#website\",\"url\":\"https:\\\/\\\/hybster.com\\\/en\\\/\",\"name\":\"Hybster\",\"description\":\"Clever Together\",\"inLanguage\":\"en-GB\",\"publisher\":{\"@id\":\"https:\\\/\\\/hybster.com\\\/en\\\/#organization\"}}]}\n\t\t<\/script>\n\t\t<script type=\"text\/javascript\">\n\t\t\t(function(c,l,a,r,i,t,y){\n\t\t\tc[a]=c[a]||function(){(c[a].q=c[a].q||[]).push(arguments)};t=l.createElement(r);t.async=1;\n\t\t\tt.src=\"https:\/\/www.clarity.ms\/tag\/\"+i+\"?ref=aioseo\";y=l.getElementsByTagName(r)[0];y.parentNode.insertBefore(t,y);\n\t\t})(window, document, \"clarity\", \"script\", \"m8p6scflma\");\n\t\t<\/script>\n\t\t<!-- All in One SEO Pro -->\r\n\t\t<title>Transport et mobilit\u00e9<\/title>\n\n","aioseo_head_json":{"title":"Transport and mobility","description":"Fabrication de pi\u00e8ces plastiques pour le secteur transport et mobilit\u00e9. Faites \u00e0 confiance \u00e0 Hybster pour vos nouveaux projets.","canonical_url":"https:\/\/hybster.com\/en\/transport-and-mobility\/","robots":"max-image-preview:large","keywords":"","webmasterTools":{"msvalidate.01":"73766a6cd8544b738baeadd760831ebf","miscellaneous":""},"schema":{"@context":"https:\/\/schema.org","@graph":[{"@type":"BreadcrumbList","@id":"https:\/\/hybster.com\/en\/transport-and-mobility\/#breadcrumblist","itemListElement":[{"@type":"ListItem","@id":"https:\/\/hybster.com\/en#listItem","position":1,"name":"Home","item":"https:\/\/hybster.com\/en","nextItem":{"@type":"ListItem","@id":"https:\/\/hybster.com\/en\/transport-and-mobility\/#listItem","name":"Transport et mobilit\u00e9"}},{"@type":"ListItem","@id":"https:\/\/hybster.com\/en\/transport-and-mobility\/#listItem","position":2,"name":"Transport et mobilit\u00e9","previousItem":{"@type":"ListItem","@id":"https:\/\/hybster.com\/en#listItem","name":"Home"}}]},{"@type":"Organization","@id":"https:\/\/hybster.com\/en\/#organization","name":"Hybster","description":"Clever Together","url":"https:\/\/hybster.com\/en\/","email":"info@hybster.com","telephone":"+33972518989","foundingDate":"2019-02-01","numberOfEmployees":{"@type":"QuantitativeValue","minValue":0,"maxValue":20},"logo":{"@type":"ImageObject","url":"https:\/\/www.hybster.com\/wp-content\/uploads\/hybster-logo-jpg.webp","@id":"https:\/\/hybster.com\/en\/transport-and-mobility\/#organizationLogo"},"image":{"@id":"https:\/\/hybster.com\/en\/transport-and-mobility\/#organizationLogo"},"sameAs":["https:\/\/www.facebook.com\/clevertogether\/","https:\/\/www.youtube.com\/channel\/UCdtuyHWJGIrwEcENV_O8IJA","https:\/\/www.linkedin.com\/company\/hybster"]},{"@type":"WebPage","@id":"https:\/\/hybster.com\/en\/transport-and-mobility\/#webpage","url":"https:\/\/hybster.com\/en\/transport-and-mobility\/","name":"Transport et mobilit\u00e9","description":"Fabrication de pi\u00e8ces plastiques pour le secteur transport et mobilit\u00e9. Faites \u00e0 confiance \u00e0 Hybster pour vos nouveaux projets.","inLanguage":"en-GB","isPartOf":{"@id":"https:\/\/hybster.com\/en\/#website"},"breadcrumb":{"@id":"https:\/\/hybster.com\/en\/transport-and-mobility\/#breadcrumblist"},"datePublished":"2021-04-27T08:35:23+02:00","dateModified":"2024-07-06T09:11:42+02:00"},{"@type":"WebSite","@id":"https:\/\/hybster.com\/en\/#website","url":"https:\/\/hybster.com\/en\/","name":"Hybster","description":"Clever Together","inLanguage":"en-GB","publisher":{"@id":"https:\/\/hybster.com\/en\/#organization"}}]},"og:locale":"en_GB","og:site_name":"Hybster | France - Clever Together","og:type":"article","og:title":"Transport et mobilit\u00e9","og:description":"Fabrication de pi\u00e8ces plastiques pour le secteur transport et mobilit\u00e9. Faites \u00e0 confiance \u00e0 Hybster pour vos nouveaux projets.","og:url":"https:\/\/hybster.com\/en\/transport-and-mobility\/","og:image":"https:\/\/www.hybster.com\/wp-content\/uploads\/hybster-logo-jpg.webp","og:image:secure_url":"https:\/\/www.hybster.com\/wp-content\/uploads\/hybster-logo-jpg.webp","article:published_time":"2021-04-27T06:35:23+00:00","article:modified_time":"2024-07-06T07:11:42+00:00","article:publisher":"https:\/\/www.facebook.com\/clevertogether\/","twitter:card":"summary_large_image","twitter:title":"Transport et mobilit\u00e9","twitter:description":"Fabrication de pi\u00e8ces plastiques pour le secteur transport et mobilit\u00e9. Faites \u00e0 confiance \u00e0 Hybster pour vos nouveaux projets.","twitter:image":"https:\/\/www.hybster.com\/wp-content\/uploads\/hybster-logo-jpg.webp"},"aioseo_meta_data":{"post_id":"2168","title":"Transport and mobility","description":"Fabrication de pi\u00e8ces plastiques pour le secteur transport et mobilit\u00e9. Faites \u00e0 confiance \u00e0 Hybster pour vos nouveaux projets.","keywords":null,"keyphrases":{"focus":{"keyphrase":"transport et mobilit\u00e9","score":88,"analysis":{"keyphraseInTitle":{"score":9,"maxScore":9,"error":0},"keyphraseInDescription":{"score":9,"maxScore":9,"error":0},"keyphraseLength":{"score":9,"maxScore":9,"error":0,"length":3},"keyphraseInURL":{"score":5,"maxScore":5,"error":0},"keyphraseInIntroduction":{"score":3,"maxScore":9,"error":1},"keyphraseInSubHeadings":[],"keyphraseInImageAlt":[],"keywordDensity":{"type":"best","score":9,"maxScore":9,"error":0}}},"additional":[{"keyphrase":"moblilite","score":67,"analysis":{"keyphraseInDescription":{"score":3,"maxScore":9,"error":1},"keyphraseLength":{"score":9,"maxScore":9,"error":0,"length":1},"keyphraseInIntroduction":{"score":3,"maxScore":9,"error":1},"keyphraseInImageAlt":[],"keywordDensity":{"type":"best","score":9,"maxScore":9,"error":0}}}]},"primary_term":null,"canonical_url":null,"og_title":null,"og_description":null,"og_object_type":"default","og_image_type":"default","og_image_url":null,"og_image_width":null,"og_image_height":null,"og_image_custom_url":null,"og_image_custom_fields":null,"og_video":"","og_custom_url":null,"og_article_section":null,"og_article_tags":null,"twitter_use_og":false,"twitter_card":"default","twitter_image_type":"default","twitter_image_url":null,"twitter_image_custom_url":null,"twitter_image_custom_fields":null,"twitter_title":null,"twitter_description":null,"schema":{"blockGraphs":[],"customGraphs":[],"default":{"data":{"Article":[],"Course":[],"Dataset":[],"FAQPage":[],"Movie":[],"Person":[],"Product":[],"ProductReview":[],"Car":[],"Recipe":[],"Service":[],"SoftwareApplication":[],"WebPage":[]},"graphName":"WebPage","isEnabled":true},"graphs":[]},"schema_type":"default","schema_type_options":null,"pillar_content":false,"robots_default":true,"robots_noindex":false,"robots_noarchive":false,"robots_nosnippet":false,"robots_nofollow":false,"robots_noimageindex":false,"robots_noodp":false,"robots_notranslate":false,"robots_max_snippet":"-1","robots_max_videopreview":"-1","robots_max_imagepreview":"large","priority":0.5,"frequency":"default","local_seo":null,"seo_analyzer_scan_date":"2025-08-14 16:22:28","breadcrumb_settings":null,"limit_modified_date":false,"reviewed_by":null,"open_ai":"{\"title\":{\"suggestions\":[],\"usage\":0},\"description\":{\"suggestions\":[],\"usage\":0}}","ai":null,"created":"2024-05-08 07:52:30","updated":"2025-08-14 16:22:28"},"aioseo_breadcrumb":"<div class=\"aioseo-breadcrumbs\"><span class=\"aioseo-breadcrumb\">\n\t<a href=\"https:\/\/hybster.com\/en\" title=\"Home\">Home<\/a>\n<\/span><span class=\"aioseo-breadcrumb-separator\">|<\/span><span class=\"aioseo-breadcrumb\">\n\tTransport et mobilit\u00e9\n<\/span><\/div>","aioseo_breadcrumb_json":[{"label":"Home","link":"https:\/\/hybster.com\/en"},{"label":"Transport et mobilit\u00e9","link":"https:\/\/hybster.com\/en\/transport-and-mobility\/"}],"_links":{"self":[{"href":"https:\/\/hybster.com\/en\/wp-json\/wp\/v2\/pages\/2168","targetHints":{"allow":["GET"]}}],"collection":[{"href":"https:\/\/hybster.com\/en\/wp-json\/wp\/v2\/pages"}],"about":[{"href":"https:\/\/hybster.com\/en\/wp-json\/wp\/v2\/types\/page"}],"author":[{"embeddable":true,"href":"https:\/\/hybster.com\/en\/wp-json\/wp\/v2\/users\/1"}],"replies":[{"embeddable":true,"href":"https:\/\/hybster.com\/en\/wp-json\/wp\/v2\/comments?post=2168"}],"version-history":[{"count":2,"href":"https:\/\/hybster.com\/en\/wp-json\/wp\/v2\/pages\/2168\/revisions"}],"predecessor-version":[{"id":8194,"href":"https:\/\/hybster.com\/en\/wp-json\/wp\/v2\/pages\/2168\/revisions\/8194"}],"wp:attachment":[{"href":"https:\/\/hybster.com\/en\/wp-json\/wp\/v2\/media?parent=2168"}],"curies":[{"name":"wp","href":"https:\/\/api.w.org\/{rel}","templated":true}]}}